{"id":15,"date":"2022-07-11T09:28:23","date_gmt":"2022-07-11T09:28:23","guid":{"rendered":"https:\/\/retrovet.erasmus.site\/?page_id=15"},"modified":"2022-09-26T10:35:51","modified_gmt":"2022-09-26T10:35:51","slug":"home","status":"publish","type":"page","link":"https:\/\/retrovet.erasmus.site\/pt\/","title":{"rendered":"In\u00edcio"},"content":{"rendered":"\t\t<div data-elementor-type=\"wp-page\" data-elementor-id=\"15\" class=\"elementor elementor-15\">\n\t\t\t\t\t\t<section class=\"elementor-section elementor-top-section elementor-element elementor-element-900f811 elementor-section-height-full elementor-section-boxed elementor-section-height-default elementor-section-items-middle\" data-id=\"900f811\" data-element_type=\"section\" data-e-type=\"section\" data-settings=\"{&quot;background_background&quot;:&quot;classic&quot;}\">\n\t\t\t\t\t\t\t<div class=\"elementor-background-overlay\"><\/div>\n\t\t\t\t\t\t\t<div class=\"elementor-container elementor-column-gap-default\">\n\t\t\t\t\t<div class=\"elementor-column elementor-col-100 elementor-top-column elementor-element elementor-element-019ad5a\" data-id=\"019ad5a\" data-element_type=\"column\" data-e-type=\"column\">\n\t\t\t<div class=\"elementor-widget-wrap elementor-element-populated\">\n\t\t\t\t\t\t<div class=\"elementor-element elementor-element-ae5f5b2 elementor-widget elementor-widget-heading\" data-id=\"ae5f5b2\" data-element_type=\"widget\" data-e-type=\"widget\" data-widget_type=\"heading.default\">\n\t\t\t\t<div class=\"elementor-widget-container\">\n\t\t\t\t\t<h2 class=\"elementor-heading-title elementor-size-xxl\">Retrofitting Green Elements into existing VET provision<\/h2>\t\t\t\t<\/div>\n\t\t\t\t<\/div>\n\t\t\t\t\t<\/div>\n\t\t<\/div>\n\t\t\t\t\t<\/div>\n\t\t<\/section>\n\t\t\t\t<section class=\"elementor-section elementor-top-section elementor-element elementor-element-bb1f02f elementor-section-boxed elementor-section-height-default elementor-section-height-default\" data-id=\"bb1f02f\" data-element_type=\"section\" data-e-type=\"section\" data-settings=\"{&quot;background_background&quot;:&quot;classic&quot;}\">\n\t\t\t\t\t\t\t<div class=\"elementor-background-overlay\"><\/div>\n\t\t\t\t\t\t\t<div class=\"elementor-container elementor-column-gap-default\">\n\t\t\t\t\t<div class=\"elementor-column elementor-col-50 elementor-top-column elementor-element elementor-element-2bb8eb3\" data-id=\"2bb8eb3\" data-element_type=\"column\" data-e-type=\"column\">\n\t\t\t<div class=\"elementor-widget-wrap elementor-element-populated\">\n\t\t\t\t\t\t<div class=\"elementor-element elementor-element-c56cded elementor-widget elementor-widget-spacer\" data-id=\"c56cded\" data-element_type=\"widget\" data-e-type=\"widget\" data-widget_type=\"spacer.default\">\n\t\t\t\t<div class=\"elementor-widget-container\">\n\t\t\t\t\t\t\t<div class=\"elementor-spacer\">\n\t\t\t<div class=\"elementor-spacer-inner\"><\/div>\n\t\t<\/div>\n\t\t\t\t\t\t<\/div>\n\t\t\t\t<\/div>\n\t\t\t\t<div class=\"elementor-element elementor-element-d751478 elementor-widget elementor-widget-menu-anchor\" data-id=\"d751478\" data-element_type=\"widget\" data-e-type=\"widget\" data-widget_type=\"menu-anchor.default\">\n\t\t\t\t<div class=\"elementor-widget-container\">\n\t\t\t\t\t\t\t<div class=\"elementor-menu-anchor\" id=\"about\"><\/div>\n\t\t\t\t\t\t<\/div>\n\t\t\t\t<\/div>\n\t\t\t\t<div class=\"elementor-element elementor-element-13d8b9e elementor-widget elementor-widget-heading\" data-id=\"13d8b9e\" data-element_type=\"widget\" data-e-type=\"widget\" data-widget_type=\"heading.default\">\n\t\t\t\t<div class=\"elementor-widget-container\">\n\t\t\t\t\t<h2 class=\"elementor-heading-title elementor-size-default\">PROJETO<\/h2>\t\t\t\t<\/div>\n\t\t\t\t<\/div>\n\t\t\t\t<div class=\"elementor-element elementor-element-7e37975 elementor-widget elementor-widget-text-editor\" data-id=\"7e37975\" data-element_type=\"widget\" data-e-type=\"widget\" data-widget_type=\"text-editor.default\">\n\t\t\t\t<div class=\"elementor-widget-container\">\n\t\t\t\t\t\t\t\t\t<p><\/p><p><\/p><p><\/p><p><\/p><p><\/p><p><\/p><p><\/p><p><\/p><p>O Pacto Ecol\u00f3gico Ambiental pretende transformar a Europa no primeiro continente a alcan\u00e7ar a neutralidade clim\u00e1tica, tendo como principal objetivo responder aos desafios provocados pelas altera\u00e7\u00f5es clim\u00e1ticas e degrada\u00e7\u00e3o ambiental, ao transformar a Uni\u00e3o Europeia (UE) numa economia moderna, eficiente na gest\u00e3o de recursos e competitiva, assegurando:<\/p><ul><li>que as emiss\u00f5es de gases com efeitos de estufa deixar\u00e3o de ser geradas at\u00e9 2050;<\/li><li>que o crescimento econ\u00f3mico \u00e9 dissociado do uso de recursos;<\/li><li>nenhuma pessoa nem nenhum lugar \u00e9 negligenciado.<\/li><\/ul><p>Com o Pacto Ecol\u00f3gico Europeu, a forma\u00e7\u00e3o torna-se numa componente central para atingir os objetivos clim\u00e1ticos da UE. Esta ecologiza\u00e7\u00e3o da economia est\u00e1 inevitavelmente a mudar as compet\u00eancias necess\u00e1rias em muitas das profiss\u00f5es existentes (Comiss\u00e3o Europeia, 2020).<\/p><p>O RetroVET \u00e9 um projeto que pretende apoiar diretamente o Pacto Ecol\u00f3gico Ambiental enquanto nova estrat\u00e9gia de crescimento e reconhece o importante papel da Educa\u00e7\u00e3o e Forma\u00e7\u00e3o Profissional (EFP) para uma transi\u00e7\u00e3o para a neutralidade clim\u00e1tica at\u00e9 2050.<\/p><p>Desta forma, o RetroVET apoia a EFP a adaptar-se \u00e0s futuras necessidades do mercado de trabalho, ao promover o desenvolvimento de ferramentas inovadoras que pretendem inspirar os estabelecimentos de EFP a oferecer uma combina\u00e7\u00e3o equilibrada de compet\u00eancias relacionadas com profiss\u00f5es e m\u00e9todos de trabalho atuais e futuros. \u00a0<\/p><p>Mais concretamente, o RetroVET adapta a oferta atual da EFP a profiss\u00f5es que correspondam \u00e0s necessidades do futuro mercado de trabalho europeu, com efeitos esperados ao n\u00edvel da empregabilidade e da sustentabilidade a longo-prazo.\u00a0 <\/p>\t\t\t\t\t\t\t\t<\/div>\n\t\t\t\t<\/div>\n\t\t\t\t<div class=\"elementor-element elementor-element-fbfc30c elementor-widget elementor-widget-spacer\" data-id=\"fbfc30c\" data-element_type=\"widget\" data-e-type=\"widget\" data-widget_type=\"spacer.default\">\n\t\t\t\t<div class=\"elementor-widget-container\">\n\t\t\t\t\t\t\t<div class=\"elementor-spacer\">\n\t\t\t<div class=\"elementor-spacer-inner\"><\/div>\n\t\t<\/div>\n\t\t\t\t\t\t<\/div>\n\t\t\t\t<\/div>\n\t\t\t\t\t<\/div>\n\t\t<\/div>\n\t\t\t\t<div class=\"elementor-column elementor-col-50 elementor-top-column elementor-element elementor-element-3fd01cb\" data-id=\"3fd01cb\" data-element_type=\"column\" data-e-type=\"column\">\n\t\t\t<div class=\"elementor-widget-wrap elementor-element-populated\">\n\t\t\t\t\t\t<div class=\"elementor-element elementor-element-ff06a45 elementor-widget elementor-widget-spacer\" data-id=\"ff06a45\" data-element_type=\"widget\" data-e-type=\"widget\" data-widget_type=\"spacer.default\">\n\t\t\t\t<div class=\"elementor-widget-container\">\n\t\t\t\t\t\t\t<div class=\"elementor-spacer\">\n\t\t\t<div class=\"elementor-spacer-inner\"><\/div>\n\t\t<\/div>\n\t\t\t\t\t\t<\/div>\n\t\t\t\t<\/div>\n\t\t\t\t<div class=\"elementor-element elementor-element-2ba9bbf elementor-widget elementor-widget-heading\" data-id=\"2ba9bbf\" data-element_type=\"widget\" data-e-type=\"widget\" data-widget_type=\"heading.default\">\n\t\t\t\t<div class=\"elementor-widget-container\">\n\t\t\t\t\t<h2 class=\"elementor-heading-title elementor-size-default\">OBJETIVOS<\/h2>\t\t\t\t<\/div>\n\t\t\t\t<\/div>\n\t\t\t\t<div class=\"elementor-element elementor-element-b749e6c elementor-widget elementor-widget-text-editor\" data-id=\"b749e6c\" data-element_type=\"widget\" data-e-type=\"widget\" data-widget_type=\"text-editor.default\">\n\t\t\t\t<div class=\"elementor-widget-container\">\n\t\t\t\t\t\t\t\t\t<p><\/p><p><\/p><p><\/p><p><\/p><p><\/p><p><\/p><p><\/li><\/ul><p><\/p><ul><li>Desenvolver e promover uma cultura verde nos estabelecimentos de EFP.<\/li><li>Reduzir o d\u00e9fice de compet\u00eancias verdes entre os estabelecimentos de EFP que adotam com sucesso as pr\u00e1ticas e compet\u00eancias verdes e aqueles que ainda n\u00e3o adotaram pr\u00e1ticas de Tecnologia de Informa\u00e7\u00e3o e Comunica\u00e7\u00e3o (TIC).<\/li><li>Promover a aprendizagem de compet\u00eancias verdes atrav\u00e9s da aprendizagem entre pares, de uma ferramenta interativa e de um manual de boas pr\u00e1ticas para o EFP europeu.<\/li><li>Alavancar redes europeias e p\u00f3los regionais de EFP para que integrem transforma\u00e7\u00f5es nas compet\u00eancias de TIC nos estabelecimentos de EFP na Europa.<\/li><li>Promover e facilitar as compet\u00eancias verdes atrav\u00e9s de colabora\u00e7\u00e3o interdisciplinar e aprendizagem entre pares, entre estabelecimentos europeus, profissionais e <em>stakeholders<\/em> da EFP.<\/li><\/ul><p><\/p>\t\t\t\t\t\t\t\t<\/div>\n\t\t\t\t<\/div>\n\t\t\t\t<div class=\"elementor-element elementor-element-fa9c018 elementor-widget elementor-widget-heading\" data-id=\"fa9c018\" data-element_type=\"widget\" data-e-type=\"widget\" data-widget_type=\"heading.default\">\n\t\t\t\t<div class=\"elementor-widget-container\">\n\t\t\t\t\t<h2 class=\"elementor-heading-title elementor-size-default\">P\u00daBLICO-ALVO<\/h2>\t\t\t\t<\/div>\n\t\t\t\t<\/div>\n\t\t\t\t<div class=\"elementor-element elementor-element-87813db elementor-widget elementor-widget-text-editor\" data-id=\"87813db\" data-element_type=\"widget\" data-e-type=\"widget\" data-widget_type=\"text-editor.default\">\n\t\t\t\t<div class=\"elementor-widget-container\">\n\t\t\t\t\t\t\t\t\t<p><\/p><p><\/p><p><\/p><p><\/p><p><\/p><p><\/p><p><\/p><p><\/p><ul><li>Profissionais de EFP<\/li><li>Estabelecimentos de EFP<\/li><\/ul><p><\/p>\t\t\t\t\t\t\t\t<\/div>\n\t\t\t\t<\/div>\n\t\t\t\t\t<\/div>\n\t\t<\/div>\n\t\t\t\t\t<\/div>\n\t\t<\/section>\n\t\t\t\t<\/div>\n\t\t","protected":false},"excerpt":{"rendered":"<p>Retrofitting Green Elements into existing VET provision PROJETO O Pacto Ecol\u00f3gico Ambiental pretende transformar a Europa no primeiro continente a alcan\u00e7ar a neutralidade clim\u00e1tica, tendo como principal objetivo responder aos desafios provocados pelas altera\u00e7\u00f5es clim\u00e1ticas e degrada\u00e7\u00e3o ambiental, ao transformar a Uni\u00e3o Europeia (UE) numa economia moderna, eficiente na gest\u00e3o de recursos e competitiva, assegurando:&hellip;&nbsp;<\/p>\n","protected":false},"author":1,"featured_media":0,"parent":0,"menu_order":0,"comment_status":"closed","ping_status":"closed","template":"page-templates\/template-pagebuilder-full-width.php","meta":{"neve_meta_sidebar":"","neve_meta_container":"","neve_meta_enable_content_width":"off","neve_meta_content_width":100,"neve_meta_title_alignment":"","neve_meta_author_avatar":"","neve_post_elements_order":"","neve_meta_disable_header":"","neve_meta_disable_footer":"","neve_meta_disable_title":"on","footnotes":""},"class_list":["post-15","page","type-page","status-publish","hentry"],"_links":{"self":[{"href":"https:\/\/retrovet.erasmus.site\/pt\/wp-json\/wp\/v2\/pages\/15","targetHints":{"allow":["GET"]}}],"collection":[{"href":"https:\/\/retrovet.erasmus.site\/pt\/wp-json\/wp\/v2\/pages"}],"about":[{"href":"https:\/\/retrovet.erasmus.site\/pt\/wp-json\/wp\/v2\/types\/page"}],"author":[{"embeddable":true,"href":"https:\/\/retrovet.erasmus.site\/pt\/wp-json\/wp\/v2\/users\/1"}],"replies":[{"embeddable":true,"href":"https:\/\/retrovet.erasmus.site\/pt\/wp-json\/wp\/v2\/comments?post=15"}],"version-history":[{"count":156,"href":"https:\/\/retrovet.erasmus.site\/pt\/wp-json\/wp\/v2\/pages\/15\/revisions"}],"predecessor-version":[{"id":260,"href":"https:\/\/retrovet.erasmus.site\/pt\/wp-json\/wp\/v2\/pages\/15\/revisions\/260"}],"wp:attachment":[{"href":"https:\/\/retrovet.erasmus.site\/pt\/wp-json\/wp\/v2\/media?parent=15"}],"curies":[{"name":"wp","href":"https:\/\/api.w.org\/{rel}","templated":true}]}}