{"id":116,"date":"2022-07-11T12:22:43","date_gmt":"2022-07-11T12:22:43","guid":{"rendered":"https:\/\/retrovet.erasmus.site\/?page_id=116"},"modified":"2022-09-26T10:22:03","modified_gmt":"2022-09-26T10:22:03","slug":"project-partners","status":"publish","type":"page","link":"https:\/\/retrovet.erasmus.site\/pt\/project-partners\/","title":{"rendered":"Parceiros"},"content":{"rendered":"<p><img fetchpriority=\"high\" decoding=\"async\" class=\"size-full wp-image-119 aligncenter\" src=\"https:\/\/retrovet.erasmus.site\/wp-content\/uploads\/2022\/07\/assist.png\" alt=\"\" width=\"300\" height=\"300\" srcset=\"https:\/\/retrovet.erasmus.site\/wp-content\/uploads\/2022\/07\/assist.png 300w, https:\/\/retrovet.erasmus.site\/wp-content\/uploads\/2022\/07\/assist-150x150.png 150w\" sizes=\"(max-width: 300px) 100vw, 300px\" \/><\/p>\n<p style=\"text-align: center;\"><strong>assist international Human Resources GmbH (Alemanha)<\/strong><\/p>\n<p>A assist GmbH \u00e9 uma empresa privada de m\u00e9dia dimens\u00e3o com sede em Paderborn, na Alemanha central. A oferta formativa da empresa engloba forma\u00e7\u00e3o intercultural, de lideran\u00e7a e de comunica\u00e7\u00e3o, assim como mentoria, consultoria e <em>workshops<\/em> internacionais, com recurso a instrumentos inovadores de aprendizagem que apoiam o desenvolvimento sustent\u00e1vel de equipas internacionais, l\u00edderes e organiza\u00e7\u00f5es globais. A empresa tamb\u00e9m tem experi\u00eancia no desenvolvimento de recursos formativos que integram o seu conceito de b-learning e aprendizagem internacional inteligente, que s\u00e3o complementados por forma\u00e7\u00e3o presencial que engloba formatos de aprendizagem inovadores, por forma a otimizar a efic\u00e1cia da aprendizagem e a sustentabilidade dos conte\u00fados e compet\u00eancias formativas.<\/p>\n<p>Os seus clientes s\u00e3o dos setores p\u00fablico e privado, incluindo corpora\u00e7\u00f5es internacionais e m\u00e9dias e grandes organiza\u00e7\u00f5es. Desde 2004 que a assist tamb\u00e9m se encontra envolvida na implementa\u00e7\u00e3o de projetos europeus, enquanto parceiro ou coordenador, fornecendo conhecimento intercultural e outras compet\u00eancias transversais adequadas \u00e0 aprendizagem online.<\/p>\n<p>Website: <a href=\"http:\/\/www.international-hr.de\" target=\"_blank\" rel=\"noopener\">www.international-hr.de<\/a><\/p>\n<hr \/>\n<p><img decoding=\"async\" class=\"wp-image-120 size-full aligncenter\" src=\"https:\/\/retrovet.erasmus.site\/wp-content\/uploads\/2022\/07\/cwep.png\" alt=\"\" width=\"300\" height=\"300\" srcset=\"https:\/\/retrovet.erasmus.site\/wp-content\/uploads\/2022\/07\/cwep.png 300w, https:\/\/retrovet.erasmus.site\/wp-content\/uploads\/2022\/07\/cwep-150x150.png 150w\" sizes=\"(max-width: 300px) 100vw, 300px\" \/><\/p>\n<p style=\"text-align: center;\"><strong>CWEP \u2013 Centrum Wspierania Edukacji i Przedsi\u0119biorczo\u015bci (Pol\u00f3nia)<\/strong><\/p>\n<p>Esta Associa\u00e7\u00e3o opera desde junho de 2004, conduzindo atividades relacionadas com o apoio e promo\u00e7\u00e3o da forma\u00e7\u00e3o e empreendedorismo, investiga\u00e7\u00e3o cient\u00edfica e consultoria, levando a cabo forma\u00e7\u00f5es, publica\u00e7\u00f5es, a\u00e7\u00f5es de <em>marketing<\/em> e atividades de consultoria e publicidade. A CWEP fornece servi\u00e7os de apoio \u00e0 forma\u00e7\u00e3o atrav\u00e9s da implementa\u00e7\u00e3o de projetos de forma\u00e7\u00e3o transnacionais direcionados aos jovens e \u00e0 organiza\u00e7\u00e3o de forma\u00e7\u00f5es. Tamb\u00e9m fornece servi\u00e7os de consultoria a empresas que operam na regi\u00e3o em que se encontra e implementa projetos de investimento com o principal objetivo de melhorar a qualidade dos servi\u00e7os de apoio aos neg\u00f3cios. A Associa\u00e7\u00e3o \u00e9 ainda ativa no campo da ci\u00eancia, o que se encontra expresso no seu compromisso para com projetos de investiga\u00e7\u00e3o e condu\u00e7\u00e3o da sua pr\u00f3pria an\u00e1lise da sociedade.<\/p>\n<p>A CWEP trabalha com diversos parceiros da Europa, implementando de forma conjunta projetos direcionados para os jovens, formandos e empreendedores.<\/p>\n<p>Website: <a href=\"https:\/\/cwep.eu\/\" target=\"_blank\" rel=\"noopener\">www.cwep.eu<\/a><\/p>\n<hr \/>\n<p><img decoding=\"async\" class=\"wp-image-122 size-full aligncenter\" src=\"https:\/\/retrovet.erasmus.site\/wp-content\/uploads\/2022\/07\/meus.png\" alt=\"\" width=\"300\" height=\"300\" srcset=\"https:\/\/retrovet.erasmus.site\/wp-content\/uploads\/2022\/07\/meus.png 300w, https:\/\/retrovet.erasmus.site\/wp-content\/uploads\/2022\/07\/meus-150x150.png 150w\" sizes=\"(max-width: 300px) 100vw, 300px\" \/><\/p>\n<p style=\"text-align: center;\"><strong>MEUS &#8211; Markeut Skills Sociedade Limitada (Espanha)<\/strong><\/p>\n<p>Nascida em 2017, a MEUS \u00e9 uma organiza\u00e7\u00e3o privada com sede em Val\u00eancia, Espanha, que procura melhorar as capacidades das pessoas ao n\u00edvel da educa\u00e7\u00e3o de adultos, tanto ao n\u00edvel profissional como pessoal.<\/p>\n<p>Em linha com a estrat\u00e9gia europeia em mat\u00e9ria de educa\u00e7\u00e3o, a MEUS trabalha no desenvolvimento de novos materiais e metodologias de forma\u00e7\u00e3o, adaptados aos diferentes objetivos e necessidades do mercado de trabalho, a fim de melhorar a integra\u00e7\u00e3o profissional.<\/p>\n<p>A MEUS incentiva tamb\u00e9m a cria\u00e7\u00e3o e consolida\u00e7\u00e3o de novos neg\u00f3cios, oferecendo consultoria e forma\u00e7\u00e3o a empres\u00e1rios para promover a inova\u00e7\u00e3o criativa, social e tecnol\u00f3gica, o nascimento de novos projetos empresariais, a cria\u00e7\u00e3o de empresas sustent\u00e1veis e o desenvolvimento dos territ\u00f3rios.<\/p>\n<p>A MEUS apoia fortemente setores da economia novos e em crescimento e atenta processos de mudan\u00e7a social, assim como est\u00e1 particularmente envolvida em iniciativas nas \u00e1reas da sustentabilidade econ\u00f3mica (e compet\u00eancias verdes), da economia laranja (cultura), TIC, envelhecimento ativo da popula\u00e7\u00e3o e novas caracter\u00edsticas demogr\u00e1ficas que requerem uma maior oferta de servi\u00e7os pessoais, entre outras.<\/p>\n<p>Por forma a apoiar o desenvolvimento pessoal das pessoas, a MEUS tamb\u00e9m se dedica ao desenvolvimento de iniciativas no campo da participa\u00e7\u00e3o ativa na sociedade, bem-estar, igualdade e solidariedade, integra\u00e7\u00e3o e n\u00e3o-discrimina\u00e7\u00e3o.<\/p>\n<p>Cada um dos projetos que desenvolve assenta na premissa da inova\u00e7\u00e3o, que considera ir para al\u00e9m da inova\u00e7\u00e3o tecnol\u00f3gica, e baseia-se no desenvolvimento de novas metodologias inovadoras de forma\u00e7\u00e3o, gest\u00e3o, desenvolvimento pessoal ou local.<\/p>\n<p>Website: <a href=\"http:\/\/www.meuskills.eu\/\" target=\"_blank\" rel=\"noopener\">www.meuskills.eu<\/a><\/p>\n<hr \/>\n<p><img loading=\"lazy\" decoding=\"async\" class=\"wp-image-123 size-full aligncenter\" src=\"https:\/\/retrovet.erasmus.site\/wp-content\/uploads\/2022\/07\/mindshift.png\" alt=\"\" width=\"300\" height=\"300\" srcset=\"https:\/\/retrovet.erasmus.site\/wp-content\/uploads\/2022\/07\/mindshift.png 300w, https:\/\/retrovet.erasmus.site\/wp-content\/uploads\/2022\/07\/mindshift-150x150.png 150w\" sizes=\"(max-width: 300px) 100vw, 300px\" \/><\/p>\n<p style=\"text-align: center;\"><strong>Mindshift Talent Advisory (Portugal) <\/strong><\/p>\n<p>A Mindshift \u00e9 uma empresa de consultoria especialista em Recursos Humanos, que aposta no desempenho e na atualiza\u00e7\u00e3o das compet\u00eancias das pessoas, procurando favorecer a maturidade digital e interpessoal nas organiza\u00e7\u00f5es e sociedade.<\/p>\n<p>Ao n\u00edvel nacional, a Mindshift tem como um dos seus principais parceiros a The Key Talent Portugal, uma <em>Consulting HR Tech<\/em> especializada em <em>Social Atraction<\/em> e <em>Talent Assessment<\/em>, que desenvolve plataformas, como o Panorama e o AplyGo, que permitem otimizar, implementar e gerir processos de RH digitais, \u00e1geis e atrativos baseados em an\u00e1lise de dados.<\/p>\n<p>Ao n\u00edvel europeu, \u00e9 um parceiro de refer\u00eancia no desenvolvimento de projetos de coopera\u00e7\u00e3o estrat\u00e9gica transnacional para a cria\u00e7\u00e3o de solu\u00e7\u00f5es inovadoras na \u00e1rea da forma\u00e7\u00e3o de jovens e adultos, em seis \u00e1reas estrat\u00e9gicas: transforma\u00e7\u00e3o digital; <em>upskiling<\/em> &amp; <em>reskilling<\/em>; capacita\u00e7\u00e3o de mulheres; empreendedorismo &amp; criatividade; desenvolvimento sustent\u00e1vel; inclus\u00e3o &amp; empregabilidade.<\/p>\n<p>A Mindshift est\u00e1 fortemente comprometida com os princ\u00edpios de Responsabilidade Social e com a Agenda 2030 para o Desenvolvimento Sustent\u00e1vel, reunindo uma equipa de colaboradores com diversas forma\u00e7\u00f5es e experi\u00eancia profissional.<\/p>\n<p>Website: <a href=\"http:\/\/www.mindshift.pt\/\" target=\"_blank\" rel=\"noopener\">www.mindshift.pt<\/a><\/p>\n<hr \/>\n<p><img loading=\"lazy\" decoding=\"async\" class=\"wp-image-124 size-full aligncenter\" src=\"https:\/\/retrovet.erasmus.site\/wp-content\/uploads\/2022\/07\/labc.png\" alt=\"\" width=\"300\" height=\"300\" srcset=\"https:\/\/retrovet.erasmus.site\/wp-content\/uploads\/2022\/07\/labc.png 300w, https:\/\/retrovet.erasmus.site\/wp-content\/uploads\/2022\/07\/labc-150x150.png 150w\" sizes=\"(max-width: 300px) 100vw, 300px\" \/><\/p>\n<p style=\"text-align: center;\"><strong>LABC S.R.L (It\u00e1lia)<\/strong><\/p>\n<p>A LABC \u00e9 uma empresa sediada em Turim, It\u00e1lia, que tem como objetivo partilhar e desenvolver a experi\u00eancia de profissionais na \u00e1rea do bem-estar individual e comunit\u00e1rio, trabalho em grupo, educa\u00e7\u00e3o e forma\u00e7\u00e3o, reintegra\u00e7\u00e3o no mercado de trabalho e gest\u00e3o de projetos.<\/p>\n<p>A LABC \u00e9 uma comunidade de aprendizagem pan-europeia, adotando e partilhando os princ\u00edpios de:<\/p>\n<ul>\n<li>aprendizagem colaborativa: trocar, melhorar e partilhar experi\u00eancias, recursos e compet\u00eancias a fim de otimizar colabora\u00e7\u00f5es internacionais e intermodais e de desenvolver e transferir metodologias e pr\u00e1ticas;<\/li>\n<li>generatividade: estabelecer, apoiar e orientar a capacidade de criar, gerar e produzir novas ferramentas, modelos e pr\u00e1ticas psicol\u00f3gicas, sociais e educacionais, com o objetivo de difundi-los livremente por toda a comunidade.<\/li>\n<\/ul>\n<p>A LABC \u00e9 ativa e tem experi\u00eancia em:<\/p>\n<p># trabalho de assist\u00eancia, bem-estar individual e comunit\u00e1rio atrav\u00e9s de uma ampla gama de atividades, incluindo sess\u00f5es de trabalho em grupo, supervis\u00e3o, forma\u00e7\u00e3o, consultoria em gest\u00e3o, organiza\u00e7\u00e3o de eventos p\u00fablicos, palestras e semin\u00e1rios;<\/p>\n<p># educa\u00e7\u00e3o e investiga\u00e7\u00e3o, projetando metodologias de aprendizagem e implementando materiais e ferramentas de forma\u00e7\u00e3o dedicadas a melhorar a consciencializa\u00e7\u00e3o dos participantes e destinat\u00e1rios sobre t\u00f3picos de particular interesse nos campos psicol\u00f3gico, educacional, social e ambiental.<\/p>\n<p>Website:\u00a0<a href=\"http:\/\/www.labcentro.it\/\">www.labcentro.it<\/a><\/p>\n<hr \/>\n<p><img loading=\"lazy\" decoding=\"async\" class=\"wp-image-126 size-full aligncenter\" src=\"https:\/\/retrovet.erasmus.site\/wp-content\/uploads\/2022\/07\/cuiblue.png\" alt=\"\" width=\"300\" height=\"300\" srcset=\"https:\/\/retrovet.erasmus.site\/wp-content\/uploads\/2022\/07\/cuiblue.png 300w, https:\/\/retrovet.erasmus.site\/wp-content\/uploads\/2022\/07\/cuiblue-150x150.png 150w\" sizes=\"(max-width: 300px) 100vw, 300px\" \/><\/p>\n<p style=\"text-align: center;\"><strong>Cuiablue OU (Est\u00f3nia)<\/strong><\/p>\n<p>A Cuiablue OU \u00e9 uma empresa social que leva a cabo mudan\u00e7a social e ambiental positiva atrav\u00e9s de solu\u00e7\u00f5es did\u00e1ticas criativas \u00e0 medida para o ensino e forma\u00e7\u00e3o profissional. As principais atividades da Cuiablue OU assentam na conce\u00e7\u00e3o, desenvolvimento, gest\u00e3o, implementa\u00e7\u00e3o, dissemina\u00e7\u00e3o e explora\u00e7\u00e3o de projetos e programas de investiga\u00e7\u00e3o e inova\u00e7\u00e3o social que apoiem os principais objetivos estrat\u00e9gicos europeus. A Cuiablue OU especializa-se na idealiza\u00e7\u00e3o de ferramentas inovadoras de apoio \u00e0s tend\u00eancias de forma\u00e7\u00e3o, ao trabalhar em conjunto com grupos de pessoas para melhorar as suas compet\u00eancias ao n\u00edvel ambiental, social ou cultural. O seu principal objetivo prende-se com usar as redes e a experi\u00eancia europeia para gerar impacto social e digital positivo de longo prazo na educa\u00e7\u00e3o de jovens e adultos e forma\u00e7\u00e3o profissional, ao mesmo tempo que promove o empoderamento e a participa\u00e7\u00e3o ativa entre os mais jovens e comunidades marginalizadas, tais como os mais idosos, refugiados e migrantes.<\/p>\n<p>Website: <a href=\"https:\/\/www.cuiablue.ee\/\" target=\"_blank\" rel=\"noopener\">www.cuiablue.ee<\/a><\/p>\n<hr \/>\n<p><img loading=\"lazy\" decoding=\"async\" class=\"wp-image-128 size-full aligncenter\" src=\"https:\/\/retrovet.erasmus.site\/wp-content\/uploads\/2022\/07\/lovila.png\" alt=\"\" width=\"300\" height=\"300\" srcset=\"https:\/\/retrovet.erasmus.site\/wp-content\/uploads\/2022\/07\/lovila.png 300w, https:\/\/retrovet.erasmus.site\/wp-content\/uploads\/2022\/07\/lovila-150x150.png 150w\" sizes=\"(max-width: 300px) 100vw, 300px\" \/><\/p>\n<p style=\"text-align: center;\"><strong>LOVILA LIMITED (Chipre)<\/strong><\/p>\n<p>A Lovila \u00e9 uma consultora e institui\u00e7\u00e3o de forma\u00e7\u00e3o cipriota criada com o objetivo de promover o desenvolvimento profissional e pessoal dos indiv\u00edduos, empresas e neg\u00f3cios rec\u00e9m-estabelecidos, com foco na promo\u00e7\u00e3o da inclus\u00e3o social e altera\u00e7\u00f5es clim\u00e1ticas, digitaliza\u00e7\u00e3o e inova\u00e7\u00e3o em diferentes n\u00edveis e contextos.<\/p>\n<p>A Lovila oferece servi\u00e7os para empresas e empreendedores que necessitam de inova\u00e7\u00e3o, forma\u00e7\u00e3o e transforma\u00e7\u00e3o digital, o que desempenha um papel importante na capacidade da organiza\u00e7\u00e3o\u00a0 envolver o mercado e procurar responder aos novos desafios provocados pela pandemia\u00a0 COVID-19.<\/p>\n<p>Por outro lado, a Lovila fornece forma\u00e7\u00e3o de alto n\u00edvel para jovens e adultos com necessidades de integra\u00e7\u00e3o profissional, desenvolvimento de compet\u00eancias e qualifica\u00e7\u00f5es b\u00e1sicas, compet\u00eancias digitais e empreendedoras, integra\u00e7\u00e3o e reinser\u00e7\u00e3o no mercado de trabalho, motiva\u00e7\u00e3o, aconselhamento laboral e mentoria.<\/p>\n<p>A Lovia pretende, assim, identificar os principais fatores e obst\u00e1culos que influenciam a sustentabilidade da forma\u00e7\u00e3o, avaliar abordagens existentes e desenvolver materiais e programas did\u00e1ticos eficientes que promovam uma mudan\u00e7a comportamental em dire\u00e7\u00e3o a pr\u00e1ticas mais sustent\u00e1veis. Nesse seguimento, atrav\u00e9s das suas a\u00e7\u00f5es, a Lovila tende a transformar o contexto local, regional e nacional, atingindo um desenvolvimento inclusivo, centrado nas pessoas e sustent\u00e1vel.<\/p>\n<p>A Lovila acredita na elevada import\u00e2ncia da sustentabilidade ambiental e na capacidade de se estabilizar a rela\u00e7\u00e3o disruptiva entre a cultura humana e empresarial e o mundo que nos rodeia.<\/p>","protected":false},"excerpt":{"rendered":"<p>assist international Human Resources GmbH (Alemanha) A assist GmbH \u00e9 uma empresa privada de m\u00e9dia dimens\u00e3o com sede em Paderborn, na Alemanha central. A oferta formativa da empresa engloba forma\u00e7\u00e3o intercultural, de lideran\u00e7a e de comunica\u00e7\u00e3o, assim como mentoria, consultoria e workshops internacionais, com recurso a instrumentos inovadores de aprendizagem que apoiam o desenvolvimento sustent\u00e1vel&hellip;&nbsp;<\/p>\n","protected":false},"author":1,"featured_media":118,"parent":0,"menu_order":0,"comment_status":"closed","ping_status":"closed","template":"","meta":{"neve_meta_sidebar":"","neve_meta_container":"","neve_meta_enable_content_width":"off","neve_meta_content_width":100,"neve_meta_title_alignment":"","neve_meta_author_avatar":"","neve_post_elements_order":"","neve_meta_disable_header":"","neve_meta_disable_footer":"","neve_meta_disable_title":"","footnotes":""},"class_list":["post-116","page","type-page","status-publish","has-post-thumbnail","hentry"],"_links":{"self":[{"href":"https:\/\/retrovet.erasmus.site\/pt\/wp-json\/wp\/v2\/pages\/116","targetHints":{"allow":["GET"]}}],"collection":[{"href":"https:\/\/retrovet.erasmus.site\/pt\/wp-json\/wp\/v2\/pages"}],"about":[{"href":"https:\/\/retrovet.erasmus.site\/pt\/wp-json\/wp\/v2\/types\/page"}],"author":[{"embeddable":true,"href":"https:\/\/retrovet.erasmus.site\/pt\/wp-json\/wp\/v2\/users\/1"}],"replies":[{"embeddable":true,"href":"https:\/\/retrovet.erasmus.site\/pt\/wp-json\/wp\/v2\/comments?post=116"}],"version-history":[{"count":14,"href":"https:\/\/retrovet.erasmus.site\/pt\/wp-json\/wp\/v2\/pages\/116\/revisions"}],"predecessor-version":[{"id":259,"href":"https:\/\/retrovet.erasmus.site\/pt\/wp-json\/wp\/v2\/pages\/116\/revisions\/259"}],"wp:featuredmedia":[{"embeddable":true,"href":"https:\/\/retrovet.erasmus.site\/pt\/wp-json\/wp\/v2\/media\/118"}],"wp:attachment":[{"href":"https:\/\/retrovet.erasmus.site\/pt\/wp-json\/wp\/v2\/media?parent=116"}],"curies":[{"name":"wp","href":"https:\/\/api.w.org\/{rel}","templated":true}]}}