{"id":116,"date":"2022-07-11T12:22:43","date_gmt":"2022-07-11T12:22:43","guid":{"rendered":"https:\/\/retrovet.erasmus.site\/?page_id=116"},"modified":"2022-09-26T10:22:03","modified_gmt":"2022-09-26T10:22:03","slug":"project-partners","status":"publish","type":"page","link":"https:\/\/retrovet.erasmus.site\/pl\/project-partners\/","title":{"rendered":"Partnerzy"},"content":{"rendered":"<p><img fetchpriority=\"high\" decoding=\"async\" class=\"size-full wp-image-119 aligncenter\" src=\"https:\/\/retrovet.erasmus.site\/wp-content\/uploads\/2022\/07\/assist.png\" alt=\"\" width=\"300\" height=\"300\" srcset=\"https:\/\/retrovet.erasmus.site\/wp-content\/uploads\/2022\/07\/assist.png 300w, https:\/\/retrovet.erasmus.site\/wp-content\/uploads\/2022\/07\/assist-150x150.png 150w\" sizes=\"(max-width: 300px) 100vw, 300px\" \/><\/p>\n<p style=\"text-align: center;\"><strong>assist international Human Resources GmbH (Niemcy)<\/strong><\/p>\n<p>jest \u015bredniej wielko\u015bci prywatn\u0105 sp\u00f3\u0142k\u0105 z ograniczon\u0105 odpowiedzialno\u015bci\u0105 z siedzib\u0105 w Paderborn, w \u015brodkowych Niemczech. Assist International oferuje szkolenia mi\u0119dzykulturowe, szkolenia z zakresu przyw\u00f3dztwa, szkolenia z komunikacji, a tak\u017ce coaching, doradztwo i mi\u0119dzynarodowe warsztaty z wykorzystaniem innowacyjnych instrument\u00f3w blended learning, wspieraj\u0105ce zr\u00f3wnowa\u017cony rozw\u00f3j mi\u0119dzynarodowych zespo\u0142\u00f3w, lider\u00f3w i globalnych organizacji.<\/p>\n<p>Dzi\u0119ki do\u015bwiadczeniu w opracowywaniu materia\u0142\u00f3w szkoleniowych w po\u0142\u0105czeniu z nasz\u0105 unikaln\u0105 koncepcj\u0105 blended learningu &#8211; Smart international Learning &#8211; uzupe\u0142nia ona szkolenia bezpo\u015brednie o innowacyjne formaty nauczania, aby zoptymalizowa\u0107 efektywno\u015b\u0107 uczenia si\u0119 oraz trwa\u0142o\u015b\u0107 tre\u015bci i kompetencji szkoleniowych.<\/p>\n<p>klientami s\u0105 zar\u00f3wno przedstawiciele sektora publicznego, jak i prywatnego, mi\u0119dzynarodowe korporacje, wi\u0119ksze i \u015brednie organizacje. Od 2014 r. assist uczestniczy r\u00f3wnie\u017c w projektach partnerskich UE, jako partner i koordynator, zapewniaj\u0105c wiedz\u0119 mi\u0119dzykulturow\u0105 i inne umiej\u0119tno\u015bci mi\u0119kkie w ramach nauczania online.<\/p>\n<p>Strona internetowa: <a href=\"http:\/\/www.international-hr.de\" target=\"_blank\" rel=\"noopener\">www.international-hr.de<\/a><\/p>\n<hr \/>\n<p><img decoding=\"async\" class=\"wp-image-120 size-full aligncenter\" src=\"https:\/\/retrovet.erasmus.site\/wp-content\/uploads\/2022\/07\/cwep.png\" alt=\"\" width=\"300\" height=\"300\" srcset=\"https:\/\/retrovet.erasmus.site\/wp-content\/uploads\/2022\/07\/cwep.png 300w, https:\/\/retrovet.erasmus.site\/wp-content\/uploads\/2022\/07\/cwep-150x150.png 150w\" sizes=\"(max-width: 300px) 100vw, 300px\" \/><\/p>\n<p style=\"text-align: center;\"><strong>CWEP &#8211; Centrum Wspierania Edukacji i Przedsi\u0119biorczo\u015bci (Polska)<\/strong><\/p>\n<p>Stowarzyszenie dzia\u0142a od czerwca 2004 r. prowadz\u0105c dzia\u0142alno\u015b\u0107 zwi\u0105zan\u0105 ze wspieraniem i promocj\u0105 nowoczesnej edukacji i przedsi\u0119biorczo\u015bci, badaniami naukowymi i doradztwem, prowadzeniem szkole\u0144, dzia\u0142alno\u015bci\u0105 wydawnicz\u0105, marketingow\u0105, doradcz\u0105 i reklamow\u0105. CWEP \u015bwiadczy us\u0142ugi w zakresie wspierania edukacji poprzez realizacj\u0119 ponadnarodowych projekt\u00f3w edukacyjnych skierowanych do m\u0142odzie\u017cy oraz organizacj\u0119 szkole\u0144. Prowadzi r\u00f3wnie\u017c wsparcie doradcze dla firm dzia\u0142aj\u0105cych w regionie oraz realizuje projekty inwestycyjne maj\u0105ce na celu podniesienie jako\u015bci us\u0142ug wsparcia biznesu. Stowarzyszenie jest aktywne na polu nauki, co wyra\u017ca si\u0119 w zaanga\u017cowaniu w projekty badawcze oraz prowadzeniu w\u0142asnych analiz spo\u0142ecznych.<\/p>\n<p>CWEP wsp\u00f3\u0142pracuje z wieloma partnerami z Europy (m.in. z Austrii, Niemiec, Holandii, Rumunii, S\u0142owenii, Wielkiej Brytanii, W\u0142och), kt\u00f3rzy wsp\u00f3lnie realizuj\u0105 projekty skierowane do m\u0142odzie\u017cy, os\u00f3b ucz\u0105cych si\u0119 i przedsi\u0119biorc\u00f3w.<\/p>\n<p>Strona internetowa: <a href=\"https:\/\/cwep.eu\/\" target=\"_blank\" rel=\"noopener\">www.cwep.eu<\/a><\/p>\n<hr \/>\n<p><img decoding=\"async\" class=\"wp-image-122 size-full aligncenter\" src=\"https:\/\/retrovet.erasmus.site\/wp-content\/uploads\/2022\/07\/meus.png\" alt=\"\" width=\"300\" height=\"300\" srcset=\"https:\/\/retrovet.erasmus.site\/wp-content\/uploads\/2022\/07\/meus.png 300w, https:\/\/retrovet.erasmus.site\/wp-content\/uploads\/2022\/07\/meus-150x150.png 150w\" sizes=\"(max-width: 300px) 100vw, 300px\" \/><\/p>\n<p style=\"text-align: center;\"><strong>Markeut Skills Sociedad Limitada (Hiszpania)<\/strong><\/p>\n<p>MEUS to prywatna organizacja z siedzib\u0105 w Walencji (Hiszpania), kt\u00f3rej celem jest poprawa zdolno\u015bci os\u00f3b w ich \u015brodowisku, zar\u00f3wno zawodowym, jak i prywatnym, a tak\u017ce na wszystkich etapach \u017cycia, od szko\u0142y po edukacj\u0119 doros\u0142ych.<\/p>\n<p>Zgodnie z europejsk\u0105 strategi\u0105 edukacyjn\u0105 MEUS pracuje nad rozwojem nowych materia\u0142\u00f3w i metodologii szkoleniowych, dostosowanych do r\u00f3\u017cnych cel\u00f3w i potrzeb rynku gospodarczego, w celu poprawy integracji w miejscu pracy.<\/p>\n<p>MEUS zach\u0119ca do tworzenia i konsolidacji przedsi\u0119biorstw, oferuj\u0105c doradztwo i szkolenia dla przedsi\u0119biorc\u00f3w, innowacje tw\u00f3rcze, innowacje spo\u0142eczne, innowacje technologiczne, tworzenie nowych projekt\u00f3w biznesowych, tworzenie trwa\u0142ych firm i rozw\u00f3j terytori\u00f3w.<\/p>\n<p>MEUS silnie wspiera nowe i rozwijaj\u0105ce si\u0119 sektory gospodarki i zwraca uwag\u0119 na zmiany spo\u0142eczne, dlatego zajmuje si\u0119 szczeg\u00f3lnie takimi kwestiami, jak zr\u00f3wnowa\u017cona gospodarka (i zielone umiej\u0119tno\u015bci), pomara\u0144czowa gospodarka (kultura), technologie informacyjno-komunikacyjne, starzenie si\u0119 spo\u0142ecze\u0144stwa i nowe cechy demograficzne, kt\u00f3re generuj\u0105 wi\u0119ksze zapotrzebowanie na us\u0142ugi osobiste itp.<\/p>\n<p>Aby wspiera\u0107 rozw\u00f3j osobisty ludzi, MEUS anga\u017cuje si\u0119 tak\u017ce w rozw\u00f3j inicjatyw w dziedzinie aktywnego uczestnictwa w \u017cyciu spo\u0142ecznym, dobrego samopoczucia, r\u00f3wno\u015bci i solidarno\u015bci, integracji i niedyskryminacji.<\/p>\n<p>Ka\u017cdy z projekt\u00f3w realizowanych w ramach programu MEUS opiera si\u0119 na za\u0142o\u017ceniu innowacyjno\u015bci, rozumianej nie tylko jako innowacja technologiczna, ale tak\u017ce jako rozw\u00f3j nowych, innowacyjnych metodologii uczenia si\u0119, zarz\u0105dzania, rozwoju osobistego czy rozwoju lokalnego.<\/p>\n<p>Strona internetowa: <a href=\"http:\/\/www.meuskills.eu\/\" target=\"_blank\" rel=\"noopener\">www.meuskills.eu<\/a><\/p>\n<hr \/>\n<p><img loading=\"lazy\" decoding=\"async\" class=\"wp-image-123 size-full aligncenter\" src=\"https:\/\/retrovet.erasmus.site\/wp-content\/uploads\/2022\/07\/mindshift.png\" alt=\"\" width=\"300\" height=\"300\" srcset=\"https:\/\/retrovet.erasmus.site\/wp-content\/uploads\/2022\/07\/mindshift.png 300w, https:\/\/retrovet.erasmus.site\/wp-content\/uploads\/2022\/07\/mindshift-150x150.png 150w\" sizes=\"(max-width: 300px) 100vw, 300px\" \/><\/p>\n<p style=\"text-align: center;\"><strong>Mindshift Talent Advisory (Portugalia)<\/strong><\/p>\n<p>Mindshift jest firm\u0105 konsultingow\u0105 specjalizuj\u0105c\u0105 si\u0119 w dziedzinie zasob\u00f3w ludzkich, kt\u00f3ra inwestuje w wydajno\u015b\u0107 i podnoszenie kwalifikacji pracownik\u00f3w, d\u0105\u017c\u0105c do zwi\u0119kszenia dojrza\u0142o\u015bci cyfrowej i interpersonalnej w organizacjach i spo\u0142ecze\u0144stwie.<\/p>\n<p>Na poziomie krajowym jednym z g\u0142\u00f3wnych partner\u00f3w MINDSHIFT jest The Key Talent Portugal, firma HR Tech Consulting specjalizuj\u0105ca si\u0119 w Social Attraction i Ocenie Talent\u00f3w, kt\u00f3ra rozwija platformy, takie jak Panorama i AplyGo, pozwalaj\u0105ce na optymalizacj\u0119, wdro\u017cenie i zarz\u0105dzanie cyfrowymi, zwinnymi i atrakcyjnymi procesami HR opartymi na analizie danych.<\/p>\n<p>Na poziomie europejskim Mindshift jest partnerem strategicznym w rozwoju projekt\u00f3w wsp\u00f3\u0142pracy ponadnarodowej, kt\u00f3rych celem jest tworzenie innowacyjnych rozwi\u0105za\u0144 w zakresie szkolenia m\u0142odzie\u017cy i doros\u0142ych w sze\u015bciu kluczowych obszarach: podnoszenie kwalifikacji i przekwalifikowanie, w\u0142\u0105czenie spo\u0142eczne i zdolno\u015b\u0107 do zatrudnienia, zr\u00f3wnowa\u017cony rozw\u00f3j, wzmocnienie pozycji kobiet, \u00a0\u00a0\u00a0\u00a0\u00a0\u00a0 przedsi\u0119biorczo\u015b\u0107 i kreatywno\u015b\u0107 oraz talenty cyfrowe.<\/p>\n<p>Firma Mindshift jest silnie zaanga\u017cowana w realizacj\u0119 zasad odpowiedzialno\u015bci spo\u0142ecznej oraz Agendy 2030 na rzecz zr\u00f3wnowa\u017conego rozwoju, skupiaj\u0105c zesp\u00f3\u0142 pracownik\u00f3w o r\u00f3\u017cnym do\u015bwiadczeniu zawodowym i wykszta\u0142ceniu.<\/p>\n<p>Strona internetowa: <a href=\"http:\/\/www.mindshift.pt\/\" target=\"_blank\" rel=\"noopener\">www.mindshift.pt<\/a><\/p>\n<hr \/>\n<p><img loading=\"lazy\" decoding=\"async\" class=\"wp-image-124 size-full aligncenter\" src=\"https:\/\/retrovet.erasmus.site\/wp-content\/uploads\/2022\/07\/labc.png\" alt=\"\" width=\"300\" height=\"300\" srcset=\"https:\/\/retrovet.erasmus.site\/wp-content\/uploads\/2022\/07\/labc.png 300w, https:\/\/retrovet.erasmus.site\/wp-content\/uploads\/2022\/07\/labc-150x150.png 150w\" sizes=\"(max-width: 300px) 100vw, 300px\" \/><\/p>\n<p style=\"text-align: center;\"><strong>LABC S.R.L. (W\u0142ochy)<\/strong><\/p>\n<p>LABC to firma z siedzib\u0105 w Turynie (IT). Celem LABC jest wymiana i wykorzystanie do\u015bwiadcze\u0144 profesjonalist\u00f3w w dziedzinie odnowy biologicznej jednostek i spo\u0142eczno\u015bci, pracy grupowej, edukacji i szkole\u0144, reintegracji zawodowej oraz zarz\u0105dzania projektami.<\/p>\n<p>LABC to og\u00f3lnoeuropejska spo\u0142eczno\u015b\u0107 ucz\u0105ca si\u0119, kt\u00f3ra przyjmuje i podziela zasady:<\/p>\n<ul>\n<li>uczenie si\u0119 we wsp\u00f3\u0142pracy: wymieniamy, ulepszamy i dzielimy si\u0119 do\u015bwiadczeniami, zasobami i umiej\u0119tno\u015bciami w celu optymalizacji wsp\u00f3\u0142pracy mi\u0119dzynarodowej i intermodalnej, rozwoju i transferu metodologii i praktyki<\/li>\n<li>generatywno\u015b\u0107: ustanawiamy, wspieramy i ukierunkowujemy zdolno\u015b\u0107 do tworzenia, generowania i wytwarzania nowych narz\u0119dzi, modeli i praktyk psychologicznych, spo\u0142ecznych i edukacyjnych w celu ich swobodnego rozpowszechniania we wsp\u00f3lnocie<\/li>\n<\/ul>\n<p>LABC jest aktywne i do\u015bwiadczone w zakresie:<\/p>\n<p># praca opieku\u0144cza, dobrobyt jednostki i spo\u0142eczno\u015bci poprzez szeroki zakres dzia\u0142a\u0144, w tym sesje pracy grupowej, superwizje, szkolenia, doradztwo w zakresie zarz\u0105dzania, organizacj\u0119 imprez publicznych, wyk\u0142ad\u00f3w i seminari\u00f3w<\/p>\n<p># Edukacja i Badania poprzez projektowanie metodologii uczenia si\u0119 oraz wdra\u017canie materia\u0142\u00f3w i narz\u0119dzi szkoleniowych przeznaczonych do podnoszenia \u015bwiadomo\u015bci uczestnik\u00f3w i odbiorc\u00f3w na tematy szczeg\u00f3lnie interesuj\u0105ce w dziedzinach psychologicznych, edukacyjnych, spo\u0142ecznych i \u015brodowiskowych.<\/p>\n<p>Strona internetowa: <a href=\"http:\/\/www.labcentro.it\/\">www.labcentro.it<\/a><\/p>\n<hr \/>\n<p><img loading=\"lazy\" decoding=\"async\" class=\"wp-image-126 size-full aligncenter\" src=\"https:\/\/retrovet.erasmus.site\/wp-content\/uploads\/2022\/07\/cuiblue.png\" alt=\"\" width=\"300\" height=\"300\" srcset=\"https:\/\/retrovet.erasmus.site\/wp-content\/uploads\/2022\/07\/cuiblue.png 300w, https:\/\/retrovet.erasmus.site\/wp-content\/uploads\/2022\/07\/cuiblue-150x150.png 150w\" sizes=\"(max-width: 300px) 100vw, 300px\" \/><\/p>\n<p style=\"text-align: center;\"><strong>Cuiablue O\u00dc Estonia<\/strong><\/p>\n<p>Cuiablue O\u00dc to przedsi\u0119biorstwo spo\u0142eczne, kt\u00f3re nap\u0119dza pozytywne zmiany spo\u0142eczne i \u015brodowiskowe poprzez kreatywne rozwi\u0105zania edukacyjne w zakresie dostosowanego do potrzeb nieformalnego uczenia si\u0119 i szkolenia zawodowego. Podstawowa dzia\u0142alno\u015b\u0107 Cuiablue O\u00dc polega na projektowaniu, opracowywaniu, zarz\u0105dzaniu, wdra\u017caniu oraz szerokim rozpowszechnianiu i wykorzystywaniu innowacji spo\u0142ecznych oraz projekt\u00f3w i program\u00f3w badawczych w celu wspierania szerszych europejskich cel\u00f3w strategicznych.\u00a0 Cuiablue O\u00dc specjalizuje si\u0119 w projektowaniu innowacyjnych narz\u0119dzi wspieraj\u0105cych ruchy edukacyjne poprzez wsp\u00f3\u0142prac\u0119 z grupami ludzi w celu rozwijania ich wsp\u00f3lnych idei \u015brodowiskowych, spo\u0142ecznych lub kulturowych, przy jednoczesnym rozwijaniu ich umiej\u0119tno\u015bci i wiedzy. Celem jest wykorzystanie wiedzy i sieci europejskich do generowania d\u0142ugoterminowego, pozytywnego wp\u0142ywu spo\u0142ecznego i cyfrowego w dziedzinie edukacji doros\u0142ych.<\/p>\n<p>edukacj\u0119, edukacj\u0119 szkoln\u0105, edukacj\u0119 zawodow\u0105 i szkolenia, a tak\u017ce promowanie upodmiotowienia i aktywnego uczestnictwa m\u0142odzie\u017cy i spo\u0142eczno\u015bci marginalizowanych, takich jak osoby starsze, uchod\u017acy i migranci.<\/p>\n<p>Strona internetowa: <a href=\"https:\/\/www.cuiablue.ee\/\" target=\"_blank\" rel=\"noopener\">www.cuiablue.ee<\/a><\/p>\n<hr \/>\n<p><img loading=\"lazy\" decoding=\"async\" class=\"wp-image-128 size-full aligncenter\" src=\"https:\/\/retrovet.erasmus.site\/wp-content\/uploads\/2022\/07\/lovila.png\" alt=\"\" width=\"300\" height=\"300\" srcset=\"https:\/\/retrovet.erasmus.site\/wp-content\/uploads\/2022\/07\/lovila.png 300w, https:\/\/retrovet.erasmus.site\/wp-content\/uploads\/2022\/07\/lovila-150x150.png 150w\" sizes=\"(max-width: 300px) 100vw, 300px\" \/><\/p>\n<p style=\"text-align: center;\"><strong>LOVILA LIMITED Cypr<\/strong><\/p>\n<p>Lovila to cypryjska instytucja doradczo-szkoleniowa za\u0142o\u017cona w celu wspierania rozwoju zawodowego i osobistego os\u00f3b, firm i nowo powsta\u0142ych przedsi\u0119biorstw, koncentruj\u0105ca si\u0119 na promowaniu w\u0142\u0105czenia spo\u0142ecznego i zmian \u015brodowiskowych, cyfryzacji i innowacji na r\u00f3\u017cnych poziomach i w r\u00f3\u017cnych kontekstach.<\/p>\n<p>Lovila oferuje us\u0142ugi dla firm i przedsi\u0119biorc\u00f3w potrzebuj\u0105cych innowacji, szkole\u0144 i transformacji cyfrowej, kt\u00f3ra odgrywa kluczow\u0105 rol\u0119 w zdolno\u015bci organizacji do ewoluowania wraz z rynkiem i d\u0105\u017ceniu do sprostania nowym pilnym potrzebom zwi\u0105zanym z pandemi\u0105 COVID-19.<\/p>\n<p>Z drugiej strony Lovila zapewnia wsparcie szkoleniowe na wysokim poziomie dla m\u0142odzie\u017cy i doros\u0142ych potrzebuj\u0105cych integracji zawodowej, rozwoju podstawowych umiej\u0119tno\u015bci i kwalifikacji, umiej\u0119tno\u015bci cyfrowych i przedsi\u0119biorczych, integracji i ponownego wej\u015bcia na rynek pracy, motywacji, doradztwa zawodowego i poradnictwa.<\/p>\n<p>Lovila ma na celu zidentyfikowanie kluczowych czynnik\u00f3w i przeszk\u00f3d wp\u0142ywaj\u0105cych na edukacj\u0119 na rzecz zr\u00f3wnowa\u017conego rozwoju, ocen\u0119 istniej\u0105cych podej\u015b\u0107 oraz opracowanie skutecznych materia\u0142\u00f3w i program\u00f3w edukacyjnych promuj\u0105cych zmian\u0119 zachowa\u0144 w kierunku zr\u00f3wnowa\u017conych praktyk. Nast\u0119pnie, poprzez swoje dzia\u0142ania, Lovila d\u0105\u017cy do przekszta\u0142cenia lokalnego, regionalnego i krajowego kontekstu w celu osi\u0105gni\u0119cia inkluzywnego, zorientowanego na ludzi i zr\u00f3wnowa\u017conego rozwoju.<\/p>\n<p>Lovila wierzy w du\u017ce znaczenie zr\u00f3wnowa\u017conego rozwoju \u015brodowiska naturalnego i mo\u017cliwo\u015bci ustabilizowania obecnych zak\u0142\u00f3caj\u0105cych relacji mi\u0119dzy kultur\u0105 ludzk\u0105 i biznesow\u0105 a \u015bwiatem \u017cywym.<\/p>","protected":false},"excerpt":{"rendered":"<p>assist international Human Resources GmbH (Niemcy) jest \u015bredniej wielko\u015bci prywatn\u0105 sp\u00f3\u0142k\u0105 z ograniczon\u0105 odpowiedzialno\u015bci\u0105 z siedzib\u0105 w Paderborn, w \u015brodkowych Niemczech. Assist International oferuje szkolenia mi\u0119dzykulturowe, szkolenia z zakresu przyw\u00f3dztwa, szkolenia z komunikacji, a tak\u017ce coaching, doradztwo i mi\u0119dzynarodowe warsztaty z wykorzystaniem innowacyjnych instrument\u00f3w blended learning, wspieraj\u0105ce zr\u00f3wnowa\u017cony rozw\u00f3j mi\u0119dzynarodowych zespo\u0142\u00f3w, lider\u00f3w i globalnych organizacji.&hellip;&nbsp;<\/p>\n","protected":false},"author":1,"featured_media":118,"parent":0,"menu_order":0,"comment_status":"closed","ping_status":"closed","template":"","meta":{"neve_meta_sidebar":"","neve_meta_container":"","neve_meta_enable_content_width":"off","neve_meta_content_width":100,"neve_meta_title_alignment":"","neve_meta_author_avatar":"","neve_post_elements_order":"","neve_meta_disable_header":"","neve_meta_disable_footer":"","neve_meta_disable_title":"","footnotes":""},"class_list":["post-116","page","type-page","status-publish","has-post-thumbnail","hentry"],"_links":{"self":[{"href":"https:\/\/retrovet.erasmus.site\/pl\/wp-json\/wp\/v2\/pages\/116","targetHints":{"allow":["GET"]}}],"collection":[{"href":"https:\/\/retrovet.erasmus.site\/pl\/wp-json\/wp\/v2\/pages"}],"about":[{"href":"https:\/\/retrovet.erasmus.site\/pl\/wp-json\/wp\/v2\/types\/page"}],"author":[{"embeddable":true,"href":"https:\/\/retrovet.erasmus.site\/pl\/wp-json\/wp\/v2\/users\/1"}],"replies":[{"embeddable":true,"href":"https:\/\/retrovet.erasmus.site\/pl\/wp-json\/wp\/v2\/comments?post=116"}],"version-history":[{"count":14,"href":"https:\/\/retrovet.erasmus.site\/pl\/wp-json\/wp\/v2\/pages\/116\/revisions"}],"predecessor-version":[{"id":259,"href":"https:\/\/retrovet.erasmus.site\/pl\/wp-json\/wp\/v2\/pages\/116\/revisions\/259"}],"wp:featuredmedia":[{"embeddable":true,"href":"https:\/\/retrovet.erasmus.site\/pl\/wp-json\/wp\/v2\/media\/118"}],"wp:attachment":[{"href":"https:\/\/retrovet.erasmus.site\/pl\/wp-json\/wp\/v2\/media?parent=116"}],"curies":[{"name":"wp","href":"https:\/\/api.w.org\/{rel}","templated":true}]}}