{"id":116,"date":"2022-07-11T12:22:43","date_gmt":"2022-07-11T12:22:43","guid":{"rendered":"https:\/\/retrovet.erasmus.site\/?page_id=116"},"modified":"2022-09-26T10:22:03","modified_gmt":"2022-09-26T10:22:03","slug":"project-partners","status":"publish","type":"page","link":"https:\/\/retrovet.erasmus.site\/it\/project-partners\/","title":{"rendered":"Partner di progetto"},"content":{"rendered":"<p><img fetchpriority=\"high\" decoding=\"async\" class=\"size-full wp-image-119 aligncenter\" src=\"https:\/\/retrovet.erasmus.site\/wp-content\/uploads\/2022\/07\/assist.png\" alt=\"\" width=\"300\" height=\"300\" srcset=\"https:\/\/retrovet.erasmus.site\/wp-content\/uploads\/2022\/07\/assist.png 300w, https:\/\/retrovet.erasmus.site\/wp-content\/uploads\/2022\/07\/assist-150x150.png 150w\" sizes=\"(max-width: 300px) 100vw, 300px\" \/><\/p>\n<p style=\"text-align: center;\"><strong>assist international Human Resources GmbH (Germania)<\/strong><\/p>\n<p>\u00e8 una societ\u00e0 a responsabilit\u00e0 limitata di medie dimensioni con sede a Paderborn, nella Germania centrale. Assist International offre servizi di formazione interculturale, alla leadership, alla comunicazione, nonch\u00e9 coaching, consulenza e workshop internazionali attraverso strumenti di apprendimento innovativi e flessibili per sostenere lo sviluppo sostenibile di team internazionali, leader e imprese globali.<\/p>\n<p>Con l&#8217;esperienza nello sviluppo di materiali di formazione combinata con il nostro concetto unico di blended learning, Smart international Learning, integra la formazione faccia a faccia con format di apprendimento innovativi per ottimizzare l&#8217;efficienza dell&#8217;apprendimento e la sostenibilit\u00e0 dei contenuti e delle competenze della formazione.<\/p>\n<p>I clienti sono sia nel settore pubblico che in quello privato, imprese internazionali, organizzazioni di grandi e medie dimensioni. Dal 2014 assist \u00e8 inoltre coinvolta in partenariati di progetti UE, come partner e coordinatore, per fornire know -how interculturale e altre soft skills per l&#8217;apprendimento online.<\/p>\n<p>Sito web: <a href=\"http:\/\/www.international-hr.de\" target=\"_blank\" rel=\"noopener\">www.international-hr.de<\/a><\/p>\n<hr \/>\n<p><img decoding=\"async\" class=\"wp-image-120 size-full aligncenter\" src=\"https:\/\/retrovet.erasmus.site\/wp-content\/uploads\/2022\/07\/cwep.png\" alt=\"\" width=\"300\" height=\"300\" srcset=\"https:\/\/retrovet.erasmus.site\/wp-content\/uploads\/2022\/07\/cwep.png 300w, https:\/\/retrovet.erasmus.site\/wp-content\/uploads\/2022\/07\/cwep-150x150.png 150w\" sizes=\"(max-width: 300px) 100vw, 300px\" \/><\/p>\n<p style=\"text-align: center;\"><strong>CWEP \u2013 Centrum Wspierania Edukacji i Przedsi\u0119biorczo\u015bci (Poland)<\/strong><\/p>\n<p>The Association operates from June 2004 conducting activities related to the support and promotion of modern education and entrepreneurship, scientific research and consulting, conducting training, publishing, marketing, consulting and advertising activities. CWEP provides services to support education through the implementation of transnational education projects aimed at young people and the organization of training. It also runs a consulting support for companies operating in the region and implements investment projects aimed at improving the quality of business support services. The Association is active in the field of science, expressed in the commitment to research projects and conducting its own analysis of society.<\/p>\n<p>CWEP cooperates with many partners from Europe (including Austria, Germany, Netherlands, Romania, Slovenia, United Kingdom, Italy) jointly implementing projects aimed at young people, learners and entrepreneurs.<\/p>\n<p>Sito web: <a href=\"https:\/\/cwep.eu\/\" target=\"_blank\" rel=\"noopener\">www.cwep.eu<\/a><\/p>\n<hr \/>\n<p><img decoding=\"async\" class=\"wp-image-122 size-full aligncenter\" src=\"https:\/\/retrovet.erasmus.site\/wp-content\/uploads\/2022\/07\/meus.png\" alt=\"\" width=\"300\" height=\"300\" srcset=\"https:\/\/retrovet.erasmus.site\/wp-content\/uploads\/2022\/07\/meus.png 300w, https:\/\/retrovet.erasmus.site\/wp-content\/uploads\/2022\/07\/meus-150x150.png 150w\" sizes=\"(max-width: 300px) 100vw, 300px\" \/><\/p>\n<p style=\"text-align: center;\"><strong>Markeut Skills Sociedad Limitada (Spagna)<\/strong><\/p>\n<p>Nata nel 2017, MEUS \u00e8 un&#8217;organizzazione privata con sede a Valencia, Spagna, il cui obiettivo \u00e8 quello di migliorare le abilit\u00e0 delle persone nel loro ambiente, sia professionale che privato, cos\u00ec come in tutte le fasi della loro vita dalla scuola alla formazione degli adulti.<\/p>\n<p>In linea con la strategia educativa europea, MEUS lavora allo sviluppo di nuovi materiali e metodologie di formazione adattati ai diversi obiettivi ed esigenze del mercato economico, al fine di migliorare l&#8217;integrazione sul posto di lavoro.<\/p>\n<p>MEUS incoraggia la creazione e il consolidamento delle imprese, offrendo consulenza e formazione agli imprenditori, l&#8217;innovazione creativa, l&#8217;innovazione sociale, l&#8217;innovazione tecnologica, la nascita di nuovi progetti imprenditoriali, la creazione di aziende sostenibili e lo sviluppo dei territori.<\/p>\n<p>MEUS sostiene attivamente i settori nuovi e in crescita dell&#8217;economia ed \u00e8 attento ai cambiamenti sociali, quindi si occupa in particolare di temi come l&#8217;economia sostenibile (e le competenze verdi), l&#8217;economia arancione (cultura), l&#8217;ICT, l&#8217;adattamento all&#8217;invecchiamento della popolazione e le nuove caratteristiche demografiche che generano una maggiore domanda di servizi alla persona, ecc.<\/p>\n<p>Al fine di sostenere lo sviluppo personale delle persone, MEUS si dedica anche allo sviluppo di iniziative nel campo della partecipazione attiva nella societ\u00e0, del benessere, dell&#8217;uguaglianza e della solidariet\u00e0, dell&#8217;integrazione e della non discriminazione.<\/p>\n<p>Ognuno dei progetti sviluppati in MEUS \u00e8 realizzato sotto la spinta dell&#8217;innovazione, intesa non solo come innovazione tecnologica, ma anche come sviluppo di nuove metodologie innovative per l&#8217;apprendimento, la gestione, lo sviluppo personale o lo sviluppo locale.<\/p>\n<p>Sito web: <a href=\"http:\/\/www.meuskills.eu\/\" target=\"_blank\" rel=\"noopener\">www.meuskills.eu<\/a><\/p>\n<hr \/>\n<p><img loading=\"lazy\" decoding=\"async\" class=\"wp-image-123 size-full aligncenter\" src=\"https:\/\/retrovet.erasmus.site\/wp-content\/uploads\/2022\/07\/mindshift.png\" alt=\"\" width=\"300\" height=\"300\" srcset=\"https:\/\/retrovet.erasmus.site\/wp-content\/uploads\/2022\/07\/mindshift.png 300w, https:\/\/retrovet.erasmus.site\/wp-content\/uploads\/2022\/07\/mindshift-150x150.png 150w\" sizes=\"(max-width: 300px) 100vw, 300px\" \/><\/p>\n<p style=\"text-align: center;\"><strong>Mindshift Talent Advisory (Portogallo)<\/strong><\/p>\n<p>Mindshift \u00e8 una societ\u00e0 di consulenza specializzata in Risorse Umane che si impegna nelle performance e nell&#8217;upskilling delle competenze delle persone, cercando di incrementare la maturit\u00e0 digitale e interpersonale nelle organizzazioni e nella societ\u00e0.<\/p>\n<p>A livello nazionale, MINDSHIFT ha tra i suoi partner principali The Key Talent Portugal, una HR Tech Consulting specializzata in Social Attraction e Talent Assessment che sviluppa piattaforme, quali Panorama e AplyGo, che permettono di ottimizzare, implementare e gestire processi HR digitali, agili e accattivanti basati sull&#8217;analisi dei dati.<\/p>\n<p>A livello europeo, Mindshift \u00e8 un partner strategico per lo sviluppo di progetti di cooperazione transnazionale che mirano a realizzare soluzioni innovative nel settore della formazione dei giovani e degli adulti, in sei aree chiave: upskilling &amp; reskilling, inclusione &amp; occupabilit\u00e0, sviluppo sostenibile, empowerment femminile, imprenditorialit\u00e0 &amp; creativit\u00e0, e talento digitale.<\/p>\n<p>Mindshift \u00e8 altamente motivata a rispettare i principi di responsabilit\u00e0 sociale e l&#8217;Agenda 2030 per lo sviluppo sostenibile, riunendo un team di collaboratori con differenti background ed esperienze professionali.<\/p>\n<p>&nbsp;<\/p>\n<p>Sito web: <a href=\"http:\/\/www.mindshift.pt\/\" target=\"_blank\" rel=\"noopener\">www.mindshift.pt<\/a><\/p>\n<hr \/>\n<p><img loading=\"lazy\" decoding=\"async\" class=\"wp-image-124 size-full aligncenter\" src=\"https:\/\/retrovet.erasmus.site\/wp-content\/uploads\/2022\/07\/labc.png\" alt=\"\" width=\"300\" height=\"300\" srcset=\"https:\/\/retrovet.erasmus.site\/wp-content\/uploads\/2022\/07\/labc.png 300w, https:\/\/retrovet.erasmus.site\/wp-content\/uploads\/2022\/07\/labc-150x150.png 150w\" sizes=\"(max-width: 300px) 100vw, 300px\" \/><\/p>\n<p style=\"text-align: center;\"><strong>LABC S.R.L. (Italia)<\/strong><\/p>\n<p>LABC \u00e8 una societ\u00e0 con sede a Torino (IT). LABC ha come obiettivo la condivisione e la valorizzazione dell&#8217;esperienza di professionisti nel campo del benessere individuale e comunitario, del lavoro di gruppo, dell&#8217;educazione e della formazione, del reinserimento nel mercato del lavoro e del project management.<\/p>\n<p>LABC \u00e8 una comunit\u00e0 di apprendimento paneuropea che adotta e condivide i principi di:<\/p>\n<p>&#8211; apprendimento collaborativo: scambiamo, miglioriamo e condividiamo esperienze, risorse e competenze, al fine di ottimizzare le collaborazioni internazionali e intermodali, lo sviluppo e il trasferimento di metodologie e prassi<\/p>\n<p>&#8211; generativit\u00e0: stabiliamo, sosteniamo e guidiamo la capacit\u00e0 di creare, generare e produrre nuovi strumenti, modelli e prassi psicologiche, sociali ed educative, con l&#8217;obiettivo di diffonderle liberamente nella comunit\u00e0<\/p>\n<p>LABC \u00e8 attivo ed esperto in:<\/p>\n<p># lavoro di cura, benessere individuale e comunitario attraverso una vasta gamma di attivit\u00e0, tra cui sessioni di lavoro di gruppo, supervisioni, formazione, consulenza sulla gestione, organizzazione di eventi pubblici, conferenze e seminari<\/p>\n<p># Educazione e Ricerca attraverso la progettazione di metodologie di apprendimento e la realizzazione di materiali e strumenti formativi dedicati a migliorare la consapevolezza dei partecipanti e dei destinatari su temi di particolare interesse in ambito psicologico, educativo, sociale e ambientale.<\/p>\n<p>Sito web: <a href=\"http:\/\/www.labcentro.it\/\">www.labcentro.it<\/a><\/p>\n<hr \/>\n<p><img loading=\"lazy\" decoding=\"async\" class=\"wp-image-126 size-full aligncenter\" src=\"https:\/\/retrovet.erasmus.site\/wp-content\/uploads\/2022\/07\/cuiblue.png\" alt=\"\" width=\"300\" height=\"300\" srcset=\"https:\/\/retrovet.erasmus.site\/wp-content\/uploads\/2022\/07\/cuiblue.png 300w, https:\/\/retrovet.erasmus.site\/wp-content\/uploads\/2022\/07\/cuiblue-150x150.png 150w\" sizes=\"(max-width: 300px) 100vw, 300px\" \/><\/p>\n<p style=\"text-align: center;\"><strong>Cuiablue O\u00dc Estonia<\/strong><\/p>\n<p>Cuiablue O\u00dc \u00e8 un&#8217;impresa sociale che guida un cambiamento sociale e ambientale positivo attraverso soluzioni educative creative per l&#8217;apprendimento informale su misura e la formazione professionale. Le attivit\u00e0 principali di Cuiablue O\u00dc sono la progettazione, lo sviluppo, la gestione, l&#8217;implementazione, la diffusione e lo sfruttamento su larga scala dell&#8217;innovazione sociale e dei progetti e programmi di ricerca, per sostenere pi\u00f9 ampi obiettivi strategici europei.\u00a0 Cuiablue O\u00dc \u00e8 specializzata nella progettazione di strumenti innovativi per sostenere i movimenti di apprendimento, lavorando insieme a gruppi di persone per sviluppare le strategie ambientali, sociali o culturali congiunte, sviluppando contemporaneamente le loro competenze e conoscenze. L&#8217;obiettivo \u00e8 quello di utilizzare l&#8217;esperienza e le reti europee per generare un impatto sociale e digitale positivo a lungo termine nei settori dell&#8217;educazione degli adulti, dell&#8217;educazione scolastica, dell&#8217;educazione professionale e dell&#8217;istruzione. dell&#8217;educazione degli adulti, dell&#8217;educazione scolastica, dell&#8217;educazione professionale e della formazione, promuovendo anche l&#8217;empowerment e la partecipazione attiva dei giovani e delle categorie emarginate, come gli anziani, i rifugiati e i migranti.<\/p>\n<p>Sito web: <a href=\"https:\/\/www.cuiablue.ee\/\" target=\"_blank\" rel=\"noopener\">www.cuiablue.ee<\/a><\/p>\n<hr \/>\n<p><img loading=\"lazy\" decoding=\"async\" class=\"wp-image-128 size-full aligncenter\" src=\"https:\/\/retrovet.erasmus.site\/wp-content\/uploads\/2022\/07\/lovila.png\" alt=\"\" width=\"300\" height=\"300\" srcset=\"https:\/\/retrovet.erasmus.site\/wp-content\/uploads\/2022\/07\/lovila.png 300w, https:\/\/retrovet.erasmus.site\/wp-content\/uploads\/2022\/07\/lovila-150x150.png 150w\" sizes=\"(max-width: 300px) 100vw, 300px\" \/><\/p>\n<p style=\"text-align: center;\"><strong>LOVILA LIMITED Cyprus <\/strong><\/p>\n<p>Lovila \u00e8 un centro di consulenza e formazione cipriota nato con l&#8217;obiettivo di promuovere lo sviluppo professionale e personale di individui, aziende e imprese di nuova fondazione, focalizzato sulla promozione dell&#8217;inclusione sociale e del cambiamento ambientale, della digitalizzazione e dell&#8217;innovazione a diversi livelli e contesti.<\/p>\n<p>Lovila offre servizi per aziende e imprenditori che richiedono innovazione, formazione e trasformazione digitale, che ha un ruolo critico nella capacit\u00e0 di un&#8217;organizzazione di evolversi insieme al mercato cercando di soddisfare la nuova emergenza causata dalla pandemia COVID-19.<\/p>\n<p>Inoltre, Lovila fornisce un supporto formativo di alto livello a giovani e adulti che hanno la necessit\u00e0 di integrarsi professionalmente, sviluppare competenze e qualifiche di base, competenze digitali e imprenditoriali, integrazione e reinserimento nel mercato del lavoro, motivazione, consulenza e orientamento al lavoro.<\/p>\n<p>Lovila si propone di identificare i fattori chiave e gli ostacoli che influenzano l&#8217;educazione alla sostenibilit\u00e0, valutare gli approcci esistenti e sviluppare materiali e programmi educativi efficaci per promuovere il cambiamento dei comportamenti verso pratiche sostenibili. In seguito, con le sue azioni Lovila contribuisce a trasformare il contesto locale, regionale e nazionale per realizzare uno sviluppo inclusivo, incentrato sulle persone e sostenibile.<\/p>\n<p>Lovila crede profondamente nel valore della sostenibilit\u00e0 ambientale e nella capacit\u00e0 di stabilizzare l&#8217;attuale relazione disgregante tra la cultura umana e aziendale e il mondo naturale.<\/p>","protected":false},"excerpt":{"rendered":"<p>assist international Human Resources GmbH (Germania) \u00e8 una societ\u00e0 a responsabilit\u00e0 limitata di medie dimensioni con sede a Paderborn, nella Germania centrale. Assist International offre servizi di formazione interculturale, alla leadership, alla comunicazione, nonch\u00e9 coaching, consulenza e workshop internazionali attraverso strumenti di apprendimento innovativi e flessibili per sostenere lo sviluppo sostenibile di team internazionali, leader&hellip;&nbsp;<\/p>\n","protected":false},"author":1,"featured_media":118,"parent":0,"menu_order":0,"comment_status":"closed","ping_status":"closed","template":"","meta":{"neve_meta_sidebar":"","neve_meta_container":"","neve_meta_enable_content_width":"off","neve_meta_content_width":100,"neve_meta_title_alignment":"","neve_meta_author_avatar":"","neve_post_elements_order":"","neve_meta_disable_header":"","neve_meta_disable_footer":"","neve_meta_disable_title":"","footnotes":""},"class_list":["post-116","page","type-page","status-publish","has-post-thumbnail","hentry"],"_links":{"self":[{"href":"https:\/\/retrovet.erasmus.site\/it\/wp-json\/wp\/v2\/pages\/116","targetHints":{"allow":["GET"]}}],"collection":[{"href":"https:\/\/retrovet.erasmus.site\/it\/wp-json\/wp\/v2\/pages"}],"about":[{"href":"https:\/\/retrovet.erasmus.site\/it\/wp-json\/wp\/v2\/types\/page"}],"author":[{"embeddable":true,"href":"https:\/\/retrovet.erasmus.site\/it\/wp-json\/wp\/v2\/users\/1"}],"replies":[{"embeddable":true,"href":"https:\/\/retrovet.erasmus.site\/it\/wp-json\/wp\/v2\/comments?post=116"}],"version-history":[{"count":14,"href":"https:\/\/retrovet.erasmus.site\/it\/wp-json\/wp\/v2\/pages\/116\/revisions"}],"predecessor-version":[{"id":259,"href":"https:\/\/retrovet.erasmus.site\/it\/wp-json\/wp\/v2\/pages\/116\/revisions\/259"}],"wp:featuredmedia":[{"embeddable":true,"href":"https:\/\/retrovet.erasmus.site\/it\/wp-json\/wp\/v2\/media\/118"}],"wp:attachment":[{"href":"https:\/\/retrovet.erasmus.site\/it\/wp-json\/wp\/v2\/media?parent=116"}],"curies":[{"name":"wp","href":"https:\/\/api.w.org\/{rel}","templated":true}]}}