{"id":15,"date":"2022-07-11T09:28:23","date_gmt":"2022-07-11T09:28:23","guid":{"rendered":"https:\/\/retrovet.erasmus.site\/?page_id=15"},"modified":"2022-09-26T10:35:51","modified_gmt":"2022-09-26T10:35:51","slug":"home","status":"publish","type":"page","link":"https:\/\/retrovet.erasmus.site\/et\/","title":{"rendered":"Home"},"content":{"rendered":"\t\t<div data-elementor-type=\"wp-page\" data-elementor-id=\"15\" class=\"elementor elementor-15\">\n\t\t\t\t\t\t<section class=\"elementor-section elementor-top-section elementor-element elementor-element-900f811 elementor-section-height-full elementor-section-boxed elementor-section-height-default elementor-section-items-middle\" data-id=\"900f811\" data-element_type=\"section\" data-e-type=\"section\" data-settings=\"{&quot;background_background&quot;:&quot;classic&quot;}\">\n\t\t\t\t\t\t\t<div class=\"elementor-background-overlay\"><\/div>\n\t\t\t\t\t\t\t<div class=\"elementor-container elementor-column-gap-default\">\n\t\t\t\t\t<div class=\"elementor-column elementor-col-100 elementor-top-column elementor-element elementor-element-019ad5a\" data-id=\"019ad5a\" data-element_type=\"column\" data-e-type=\"column\">\n\t\t\t<div class=\"elementor-widget-wrap elementor-element-populated\">\n\t\t\t\t\t\t<div class=\"elementor-element elementor-element-ae5f5b2 elementor-widget elementor-widget-heading\" data-id=\"ae5f5b2\" data-element_type=\"widget\" data-e-type=\"widget\" data-widget_type=\"heading.default\">\n\t\t\t\t<div class=\"elementor-widget-container\">\n\t\t\t\t\t<h2 class=\"elementor-heading-title elementor-size-xxl\">Roheliste elementide tagantj\u00e4rele paigaldamine olemasolevasse kutseharidus- ja -koolitusprogrammi<\/h2>\t\t\t\t<\/div>\n\t\t\t\t<\/div>\n\t\t\t\t\t<\/div>\n\t\t<\/div>\n\t\t\t\t\t<\/div>\n\t\t<\/section>\n\t\t\t\t<section class=\"elementor-section elementor-top-section elementor-element elementor-element-bb1f02f elementor-section-boxed elementor-section-height-default elementor-section-height-default\" data-id=\"bb1f02f\" data-element_type=\"section\" data-e-type=\"section\" data-settings=\"{&quot;background_background&quot;:&quot;classic&quot;}\">\n\t\t\t\t\t\t\t<div class=\"elementor-background-overlay\"><\/div>\n\t\t\t\t\t\t\t<div class=\"elementor-container elementor-column-gap-default\">\n\t\t\t\t\t<div class=\"elementor-column elementor-col-50 elementor-top-column elementor-element elementor-element-2bb8eb3\" data-id=\"2bb8eb3\" data-element_type=\"column\" data-e-type=\"column\">\n\t\t\t<div class=\"elementor-widget-wrap elementor-element-populated\">\n\t\t\t\t\t\t<div class=\"elementor-element elementor-element-c56cded elementor-widget elementor-widget-spacer\" data-id=\"c56cded\" data-element_type=\"widget\" data-e-type=\"widget\" data-widget_type=\"spacer.default\">\n\t\t\t\t<div class=\"elementor-widget-container\">\n\t\t\t\t\t\t\t<div class=\"elementor-spacer\">\n\t\t\t<div class=\"elementor-spacer-inner\"><\/div>\n\t\t<\/div>\n\t\t\t\t\t\t<\/div>\n\t\t\t\t<\/div>\n\t\t\t\t<div class=\"elementor-element elementor-element-d751478 elementor-widget elementor-widget-menu-anchor\" data-id=\"d751478\" data-element_type=\"widget\" data-e-type=\"widget\" data-widget_type=\"menu-anchor.default\">\n\t\t\t\t<div class=\"elementor-widget-container\">\n\t\t\t\t\t\t\t<div class=\"elementor-menu-anchor\" id=\"about\"><\/div>\n\t\t\t\t\t\t<\/div>\n\t\t\t\t<\/div>\n\t\t\t\t<div class=\"elementor-element elementor-element-13d8b9e elementor-widget elementor-widget-heading\" data-id=\"13d8b9e\" data-element_type=\"widget\" data-e-type=\"widget\" data-widget_type=\"heading.default\">\n\t\t\t\t<div class=\"elementor-widget-container\">\n\t\t\t\t\t<h2 class=\"elementor-heading-title elementor-size-default\">PROJEKTI KOHTA<\/h2>\t\t\t\t<\/div>\n\t\t\t\t<\/div>\n\t\t\t\t<div class=\"elementor-element elementor-element-7e37975 elementor-widget elementor-widget-text-editor\" data-id=\"7e37975\" data-element_type=\"widget\" data-e-type=\"widget\" data-widget_type=\"text-editor.default\">\n\t\t\t\t<div class=\"elementor-widget-container\">\n\t\t\t\t\t\t\t\t\t<p><\/p><p><\/p><p>Rohelise kokkuleppe eesm\u00e4rk on muuta Euroopa esimeseks kliimaneutraalseks mandriks.<\/p><p>Rohelise kokkuleppe eesm\u00e4rk on lahendada kliimamuutuste ja keskkonnaseisundi halvenemisega seotud probleeme, muutes ELi kaasaegseks, ressursit\u00f5husaks ja konkurentsiv\u00f5imeliseks majanduseks, tagades, et<\/p><ul><li>2050. aastal ei teki enam kasvuhoonegaaside netoheitmeid.<\/li><li>majanduskasv on lahutatud ressursikasutusest<\/li><li>\u00fchtegi inimest ja kohta ei j\u00e4eta t\u00e4helepanuta.<\/li><\/ul><p>Kogu Euroopa rohelise kokkuleppe raames on haridus ELi kliimaeesm\u00e4rkide saavutamise keskne komponent. Selline majanduse &#8220;rohelisemaks muutmine&#8221; muudab paratamatult paljudes olemasolevates ametites n\u00f5utavaid oskusi (Euroopa Komisjon, 2020).\u00a0<\/p><p>RetroVET on projekt, mis toetab otseselt Euroopa rohelist kokkulepet kui uut kasvustrateegiat ja tunnistab kutsehariduse v\u00f5tmerolli eduka \u00fclemineku puhul klimaneutraalsusele 2050. aastaks.<\/p><p>RetroVETi eesm\u00e4rk on kohandada kutse\u00f5pet tulevaste t\u00f6\u00f6turu vajadustega, toetades selliste uuenduslike vahendite v\u00e4ljat\u00f6\u00f6tamist, mis inspireerivad kutsehariduskeskusi pakkuma tasakaalustatud kutseoskuste kombinatsiooni, mis on seotud olemasolevate ja arenevate ametite ja t\u00f6\u00f6meetoditega.<\/p><p>RetroVET kohandab t\u00e4nast kutsehariduse ja -koolituse pakkumist ja t\u00f6\u00f6kohti vastavalt Euroopa tulevase t\u00f6\u00f6turu vajadustele, suurendades pikaajalist t\u00f6\u00f6alast konkurentsiv\u00f5imet ja j\u00e4tkusuutlikkust.<\/p><p>Euroopa roheline kokkulepe on ka meie p\u00e4\u00e4ster\u00f5ngas, et j\u00e4tta COVID-19 pandeemia seljataha.<\/p><p><\/p><p><\/p><p><\/p><p><\/p><p><\/p><p><\/p>\t\t\t\t\t\t\t\t<\/div>\n\t\t\t\t<\/div>\n\t\t\t\t<div class=\"elementor-element elementor-element-fbfc30c elementor-widget elementor-widget-spacer\" data-id=\"fbfc30c\" data-element_type=\"widget\" data-e-type=\"widget\" data-widget_type=\"spacer.default\">\n\t\t\t\t<div class=\"elementor-widget-container\">\n\t\t\t\t\t\t\t<div class=\"elementor-spacer\">\n\t\t\t<div class=\"elementor-spacer-inner\"><\/div>\n\t\t<\/div>\n\t\t\t\t\t\t<\/div>\n\t\t\t\t<\/div>\n\t\t\t\t\t<\/div>\n\t\t<\/div>\n\t\t\t\t<div class=\"elementor-column elementor-col-50 elementor-top-column elementor-element elementor-element-3fd01cb\" data-id=\"3fd01cb\" data-element_type=\"column\" data-e-type=\"column\">\n\t\t\t<div class=\"elementor-widget-wrap elementor-element-populated\">\n\t\t\t\t\t\t<div class=\"elementor-element elementor-element-ff06a45 elementor-widget elementor-widget-spacer\" data-id=\"ff06a45\" data-element_type=\"widget\" data-e-type=\"widget\" data-widget_type=\"spacer.default\">\n\t\t\t\t<div class=\"elementor-widget-container\">\n\t\t\t\t\t\t\t<div class=\"elementor-spacer\">\n\t\t\t<div class=\"elementor-spacer-inner\"><\/div>\n\t\t<\/div>\n\t\t\t\t\t\t<\/div>\n\t\t\t\t<\/div>\n\t\t\t\t<div class=\"elementor-element elementor-element-2ba9bbf elementor-widget elementor-widget-heading\" data-id=\"2ba9bbf\" data-element_type=\"widget\" data-e-type=\"widget\" data-widget_type=\"heading.default\">\n\t\t\t\t<div class=\"elementor-widget-container\">\n\t\t\t\t\t<h2 class=\"elementor-heading-title elementor-size-default\">EESM\u00c4RGID<\/h2>\t\t\t\t<\/div>\n\t\t\t\t<\/div>\n\t\t\t\t<div class=\"elementor-element elementor-element-b749e6c elementor-widget elementor-widget-text-editor\" data-id=\"b749e6c\" data-element_type=\"widget\" data-e-type=\"widget\" data-widget_type=\"text-editor.default\">\n\t\t\t\t<div class=\"elementor-widget-container\">\n\t\t\t\t\t\t\t\t\t<p><\/p><p><\/p><ul><li>Arendada ja edendada rohelist kultuuri kutseharidus- ja -koolitusasutustes.<\/li><li>oskuste l\u00f5he \u00fcletamine nende kutseharidus- ja -koolituskeskuste vahel, kes on edukalt kasutusele v\u00f5tnud roheliste oskuste rakendamise tavad, h\u00f5lbustades nende kutseharidus- ja -koolituskeskuste integreerimist, kes ei ole IKT tavasid kasutusele v\u00f5tnud<\/li><li>Koost\u00f6\u00f6 arendamine vastastikuse mentorluse ja tulemuslikkuse parandamise vahendi\/raamistiku kaudu Euroopa keskkonnahoidlike p\u00e4devuste arendamiseks kutsehariduse ja -koolituse valdkonnas.<\/li><li>Kasutada Euroopa kutsehariduse ja -koolituse v\u00f5rgustike ja piirkondlike keskuste mitmekordistavaid struktuure, et muuta IKT-oskusi kutsehariduse ja -koolituse keskustes kogu Euroopas.<\/li><li>edendada ja h\u00f5lbustada roheliste oskuste omandamist interdistsiplinaarse koost\u00f6\u00f6 ja vastastikuse \u00f5ppimise kaudu Euroopa kutseharidus- ja -koolituskeskuste, praktikute ja sidusr\u00fchmade vahel.<\/li><\/ul><p><\/p><p><\/p><p><\/p><p><\/p><p><\/p><p><\/li><\/ul><p><\/p>\t\t\t\t\t\t\t\t<\/div>\n\t\t\t\t<\/div>\n\t\t\t\t<div class=\"elementor-element elementor-element-fa9c018 elementor-widget elementor-widget-heading\" data-id=\"fa9c018\" data-element_type=\"widget\" data-e-type=\"widget\" data-widget_type=\"heading.default\">\n\t\t\t\t<div class=\"elementor-widget-container\">\n\t\t\t\t\t<h2 class=\"elementor-heading-title elementor-size-default\">SIHTM\u00c4RK:<\/h2>\t\t\t\t<\/div>\n\t\t\t\t<\/div>\n\t\t\t\t<div class=\"elementor-element elementor-element-87813db elementor-widget elementor-widget-text-editor\" data-id=\"87813db\" data-element_type=\"widget\" data-e-type=\"widget\" data-widget_type=\"text-editor.default\">\n\t\t\t\t<div class=\"elementor-widget-container\">\n\t\t\t\t\t\t\t\t\t<p><\/p><p><\/p><ul><li>Kutsehariduse ja -koolituse koolitajad<\/li><li>Kutsehariduse ja -koolituse instituudid<\/li><\/ul><p><\/p><p><\/p><p><\/p><p><\/p><p><\/p><p><\/p><p><\/p>\t\t\t\t\t\t\t\t<\/div>\n\t\t\t\t<\/div>\n\t\t\t\t\t<\/div>\n\t\t<\/div>\n\t\t\t\t\t<\/div>\n\t\t<\/section>\n\t\t\t\t<\/div>\n\t\t","protected":false},"excerpt":{"rendered":"<p>Roheliste elementide tagantj\u00e4rele paigaldamine olemasolevasse kutseharidus- ja -koolitusprogrammi PROJEKTI KOHTA Rohelise kokkuleppe eesm\u00e4rk on muuta Euroopa esimeseks kliimaneutraalseks mandriks. Rohelise kokkuleppe eesm\u00e4rk on lahendada kliimamuutuste ja keskkonnaseisundi halvenemisega seotud probleeme, muutes ELi kaasaegseks, ressursit\u00f5husaks ja konkurentsiv\u00f5imeliseks majanduseks, tagades, et 2050. aastal ei teki enam kasvuhoonegaaside netoheitmeid. majanduskasv on lahutatud ressursikasutusest \u00fchtegi inimest ja kohta ei&hellip;&nbsp;<\/p>\n","protected":false},"author":1,"featured_media":0,"parent":0,"menu_order":0,"comment_status":"closed","ping_status":"closed","template":"page-templates\/template-pagebuilder-full-width.php","meta":{"neve_meta_sidebar":"","neve_meta_container":"","neve_meta_enable_content_width":"off","neve_meta_content_width":100,"neve_meta_title_alignment":"","neve_meta_author_avatar":"","neve_post_elements_order":"","neve_meta_disable_header":"","neve_meta_disable_footer":"","neve_meta_disable_title":"on","footnotes":""},"class_list":["post-15","page","type-page","status-publish","hentry"],"_links":{"self":[{"href":"https:\/\/retrovet.erasmus.site\/et\/wp-json\/wp\/v2\/pages\/15","targetHints":{"allow":["GET"]}}],"collection":[{"href":"https:\/\/retrovet.erasmus.site\/et\/wp-json\/wp\/v2\/pages"}],"about":[{"href":"https:\/\/retrovet.erasmus.site\/et\/wp-json\/wp\/v2\/types\/page"}],"author":[{"embeddable":true,"href":"https:\/\/retrovet.erasmus.site\/et\/wp-json\/wp\/v2\/users\/1"}],"replies":[{"embeddable":true,"href":"https:\/\/retrovet.erasmus.site\/et\/wp-json\/wp\/v2\/comments?post=15"}],"version-history":[{"count":156,"href":"https:\/\/retrovet.erasmus.site\/et\/wp-json\/wp\/v2\/pages\/15\/revisions"}],"predecessor-version":[{"id":260,"href":"https:\/\/retrovet.erasmus.site\/et\/wp-json\/wp\/v2\/pages\/15\/revisions\/260"}],"wp:attachment":[{"href":"https:\/\/retrovet.erasmus.site\/et\/wp-json\/wp\/v2\/media?parent=15"}],"curies":[{"name":"wp","href":"https:\/\/api.w.org\/{rel}","templated":true}]}}