{"id":15,"date":"2022-07-11T09:28:23","date_gmt":"2022-07-11T09:28:23","guid":{"rendered":"https:\/\/retrovet.erasmus.site\/?page_id=15"},"modified":"2022-09-26T10:35:51","modified_gmt":"2022-09-26T10:35:51","slug":"home","status":"publish","type":"page","link":"https:\/\/retrovet.erasmus.site\/es\/","title":{"rendered":"Home"},"content":{"rendered":"\t\t<div data-elementor-type=\"wp-page\" data-elementor-id=\"15\" class=\"elementor elementor-15\">\n\t\t\t\t\t\t<section class=\"elementor-section elementor-top-section elementor-element elementor-element-900f811 elementor-section-height-full elementor-section-boxed elementor-section-height-default elementor-section-items-middle\" data-id=\"900f811\" data-element_type=\"section\" data-e-type=\"section\" data-settings=\"{&quot;background_background&quot;:&quot;classic&quot;}\">\n\t\t\t\t\t\t\t<div class=\"elementor-background-overlay\"><\/div>\n\t\t\t\t\t\t\t<div class=\"elementor-container elementor-column-gap-default\">\n\t\t\t\t\t<div class=\"elementor-column elementor-col-100 elementor-top-column elementor-element elementor-element-019ad5a\" data-id=\"019ad5a\" data-element_type=\"column\" data-e-type=\"column\">\n\t\t\t<div class=\"elementor-widget-wrap elementor-element-populated\">\n\t\t\t\t\t\t<div class=\"elementor-element elementor-element-ae5f5b2 elementor-widget elementor-widget-heading\" data-id=\"ae5f5b2\" data-element_type=\"widget\" data-e-type=\"widget\" data-widget_type=\"heading.default\">\n\t\t\t\t<div class=\"elementor-widget-container\">\n\t\t\t\t\t<h2 class=\"elementor-heading-title elementor-size-xxl\">Adaptaci\u00f3n de elementos verdes a la Formaci\u00f3n Profesional actual<\/h2>\t\t\t\t<\/div>\n\t\t\t\t<\/div>\n\t\t\t\t\t<\/div>\n\t\t<\/div>\n\t\t\t\t\t<\/div>\n\t\t<\/section>\n\t\t\t\t<section class=\"elementor-section elementor-top-section elementor-element elementor-element-bb1f02f elementor-section-boxed elementor-section-height-default elementor-section-height-default\" data-id=\"bb1f02f\" data-element_type=\"section\" data-e-type=\"section\" data-settings=\"{&quot;background_background&quot;:&quot;classic&quot;}\">\n\t\t\t\t\t\t\t<div class=\"elementor-background-overlay\"><\/div>\n\t\t\t\t\t\t\t<div class=\"elementor-container elementor-column-gap-default\">\n\t\t\t\t\t<div class=\"elementor-column elementor-col-50 elementor-top-column elementor-element elementor-element-2bb8eb3\" data-id=\"2bb8eb3\" data-element_type=\"column\" data-e-type=\"column\">\n\t\t\t<div class=\"elementor-widget-wrap elementor-element-populated\">\n\t\t\t\t\t\t<div class=\"elementor-element elementor-element-c56cded elementor-widget elementor-widget-spacer\" data-id=\"c56cded\" data-element_type=\"widget\" data-e-type=\"widget\" data-widget_type=\"spacer.default\">\n\t\t\t\t<div class=\"elementor-widget-container\">\n\t\t\t\t\t\t\t<div class=\"elementor-spacer\">\n\t\t\t<div class=\"elementor-spacer-inner\"><\/div>\n\t\t<\/div>\n\t\t\t\t\t\t<\/div>\n\t\t\t\t<\/div>\n\t\t\t\t<div class=\"elementor-element elementor-element-d751478 elementor-widget elementor-widget-menu-anchor\" data-id=\"d751478\" data-element_type=\"widget\" data-e-type=\"widget\" data-widget_type=\"menu-anchor.default\">\n\t\t\t\t<div class=\"elementor-widget-container\">\n\t\t\t\t\t\t\t<div class=\"elementor-menu-anchor\" id=\"about\"><\/div>\n\t\t\t\t\t\t<\/div>\n\t\t\t\t<\/div>\n\t\t\t\t<div class=\"elementor-element elementor-element-13d8b9e elementor-widget elementor-widget-heading\" data-id=\"13d8b9e\" data-element_type=\"widget\" data-e-type=\"widget\" data-widget_type=\"heading.default\">\n\t\t\t\t<div class=\"elementor-widget-container\">\n\t\t\t\t\t<h2 class=\"elementor-heading-title elementor-size-default\">SOBRE EL PROYECTO<\/h2>\t\t\t\t<\/div>\n\t\t\t\t<\/div>\n\t\t\t\t<div class=\"elementor-element elementor-element-7e37975 elementor-widget elementor-widget-text-editor\" data-id=\"7e37975\" data-element_type=\"widget\" data-e-type=\"widget\" data-widget_type=\"text-editor.default\">\n\t\t\t\t<div class=\"elementor-widget-container\">\n\t\t\t\t\t\t\t\t\t<p><\/p><p><\/p><p><\/p><p><\/p><p><\/p><p><\/p><p>El Pacto Verde tiene como objetivo transformar a Europa en el primer continente clim\u00e1ticamente neutral.<\/p><p>El Pacto Verde tiene como objetivo abordar los desaf\u00edos del cambio clim\u00e1tico y la degradaci\u00f3n transformando la UE en una econom\u00eda moderna, competitiva y eficiente en el uso de los recursos, asegurando que<\/p><ul><li>no se generan m\u00e1s emisiones netas de gases de efecto invernadero en 2050<\/li><li>el crecimiento econ\u00f3mico est\u00e1 desvinculado del uso de los recursos<\/li><li>no se descuida a ninguna persona ni a ning\u00fan lugar.<\/li><\/ul><p>A lo largo del Pacto Verde Europeo, la educaci\u00f3n es un componente central para lograr los objetivos clim\u00e1ticos de la UE. Esta &#8216;reverdecimiento&#8217; de la econom\u00eda cambia inevitablemente las habilidades requeridas en muchas de las profesiones existentes (Comisi\u00f3n Europea, 2020).<\/p><p>RetroVET es un proyecto que apoya directamente el Pacto Verde Europeo como nueva estrategia de crecimiento y reconoce el papel clave de la formaci\u00f3n profesional para una transici\u00f3n exitosa hacia la neutralidad clim\u00e1tica para 2050.<\/p><p>RetroVET tiene como objetivo adaptar la formaci\u00f3n profesional a las necesidades futuras del mercado laboral apoyando el desarrollo de herramientas innovadoras que inspirar\u00e1n a los centros VET a ofrecer una combinaci\u00f3n equilibrada de habilidades profesionales vinculadas a ocupaciones y m\u00e9todos de trabajo existentes y en evoluci\u00f3n.<\/p><p>RetroVET adapta la oferta y los puestos de trabajo actuales de VET para satisfacer las necesidades del futuro mercado laboral europeo, aumentando la empleabilidad y la sostenibilidad a largo plazo.<\/p><p>El Pacto Verde Europeo es tambi\u00e9n nuestro salvavidas para dejar atr\u00e1s la pandemia COVID-19.<\/p><p><\/p><p><\/p>\t\t\t\t\t\t\t\t<\/div>\n\t\t\t\t<\/div>\n\t\t\t\t<div class=\"elementor-element elementor-element-fbfc30c elementor-widget elementor-widget-spacer\" data-id=\"fbfc30c\" data-element_type=\"widget\" data-e-type=\"widget\" data-widget_type=\"spacer.default\">\n\t\t\t\t<div class=\"elementor-widget-container\">\n\t\t\t\t\t\t\t<div class=\"elementor-spacer\">\n\t\t\t<div class=\"elementor-spacer-inner\"><\/div>\n\t\t<\/div>\n\t\t\t\t\t\t<\/div>\n\t\t\t\t<\/div>\n\t\t\t\t\t<\/div>\n\t\t<\/div>\n\t\t\t\t<div class=\"elementor-column elementor-col-50 elementor-top-column elementor-element elementor-element-3fd01cb\" data-id=\"3fd01cb\" data-element_type=\"column\" data-e-type=\"column\">\n\t\t\t<div class=\"elementor-widget-wrap elementor-element-populated\">\n\t\t\t\t\t\t<div class=\"elementor-element elementor-element-ff06a45 elementor-widget elementor-widget-spacer\" data-id=\"ff06a45\" data-element_type=\"widget\" data-e-type=\"widget\" data-widget_type=\"spacer.default\">\n\t\t\t\t<div class=\"elementor-widget-container\">\n\t\t\t\t\t\t\t<div class=\"elementor-spacer\">\n\t\t\t<div class=\"elementor-spacer-inner\"><\/div>\n\t\t<\/div>\n\t\t\t\t\t\t<\/div>\n\t\t\t\t<\/div>\n\t\t\t\t<div class=\"elementor-element elementor-element-2ba9bbf elementor-widget elementor-widget-heading\" data-id=\"2ba9bbf\" data-element_type=\"widget\" data-e-type=\"widget\" data-widget_type=\"heading.default\">\n\t\t\t\t<div class=\"elementor-widget-container\">\n\t\t\t\t\t<h2 class=\"elementor-heading-title elementor-size-default\">GOALS<\/h2>\t\t\t\t<\/div>\n\t\t\t\t<\/div>\n\t\t\t\t<div class=\"elementor-element elementor-element-b749e6c elementor-widget elementor-widget-text-editor\" data-id=\"b749e6c\" data-element_type=\"widget\" data-e-type=\"widget\" data-widget_type=\"text-editor.default\">\n\t\t\t\t<div class=\"elementor-widget-container\">\n\t\t\t\t\t\t\t\t\t<p><\/p><p><\/p><p><\/p><p><\/p><p><\/p><p><\/p><ul><li>Desarrollar y promover una cultura verde entre las instituciones VET<\/li><li>Cerrar la brecha de habilidades entre los centros VET que han adoptado con \u00e9xito pr\u00e1cticas de implementaci\u00f3n de habilidades verdes, facilitando la integraci\u00f3n de los centros VET que no han adoptado pr\u00e1cticas TIC<\/li><li>Desarrollar la colaboraci\u00f3n a trav\u00e9s de una herramienta\/marco colaborativo de tutor\u00eda entre pares y mejora del rendimiento para las competencias ecol\u00f3gicas europeas en la formaci\u00f3n VET<\/li><li>Aprovechar las estructuras multiplicadoras de las redes europeas de FP y los centros regionales para incorporar el cambio de habilidades en TIC en los centros de FP de toda Europa.<\/li><li>Promover y facilitar el aprendizaje de habilidades ecol\u00f3gicas a trav\u00e9s de la colaboraci\u00f3n interdisciplinaria y el aprendizaje entre pares entre los centros, profesionales y partes interesadas de VET europeos.<\/li><\/ul><p><\/p><p><\/li><\/ul><p><\/p>\t\t\t\t\t\t\t\t<\/div>\n\t\t\t\t<\/div>\n\t\t\t\t<div class=\"elementor-element elementor-element-fa9c018 elementor-widget elementor-widget-heading\" data-id=\"fa9c018\" data-element_type=\"widget\" data-e-type=\"widget\" data-widget_type=\"heading.default\">\n\t\t\t\t<div class=\"elementor-widget-container\">\n\t\t\t\t\t<h2 class=\"elementor-heading-title elementor-size-default\">P\u00daBLICO<\/h2>\t\t\t\t<\/div>\n\t\t\t\t<\/div>\n\t\t\t\t<div class=\"elementor-element elementor-element-87813db elementor-widget elementor-widget-text-editor\" data-id=\"87813db\" data-element_type=\"widget\" data-e-type=\"widget\" data-widget_type=\"text-editor.default\">\n\t\t\t\t<div class=\"elementor-widget-container\">\n\t\t\t\t\t\t\t\t\t<p><\/p><p><\/p><p><\/p><p><\/p><p><\/p><p><\/p><ul><li>Formadores profesionales<\/li><li>Centros de Formaci\u00f3n Profesional<\/li><\/ul><p><\/p><p><\/p><p><\/p>\t\t\t\t\t\t\t\t<\/div>\n\t\t\t\t<\/div>\n\t\t\t\t\t<\/div>\n\t\t<\/div>\n\t\t\t\t\t<\/div>\n\t\t<\/section>\n\t\t\t\t<\/div>\n\t\t","protected":false},"excerpt":{"rendered":"<p>Adaptaci\u00f3n de elementos verdes a la Formaci\u00f3n Profesional actual SOBRE EL PROYECTO El Pacto Verde tiene como objetivo transformar a Europa en el primer continente clim\u00e1ticamente neutral. El Pacto Verde tiene como objetivo abordar los desaf\u00edos del cambio clim\u00e1tico y la degradaci\u00f3n transformando la UE en una econom\u00eda moderna, competitiva y eficiente en el uso&hellip;&nbsp;<\/p>\n","protected":false},"author":1,"featured_media":0,"parent":0,"menu_order":0,"comment_status":"closed","ping_status":"closed","template":"page-templates\/template-pagebuilder-full-width.php","meta":{"neve_meta_sidebar":"","neve_meta_container":"","neve_meta_enable_content_width":"off","neve_meta_content_width":100,"neve_meta_title_alignment":"","neve_meta_author_avatar":"","neve_post_elements_order":"","neve_meta_disable_header":"","neve_meta_disable_footer":"","neve_meta_disable_title":"on","footnotes":""},"class_list":["post-15","page","type-page","status-publish","hentry"],"_links":{"self":[{"href":"https:\/\/retrovet.erasmus.site\/es\/wp-json\/wp\/v2\/pages\/15","targetHints":{"allow":["GET"]}}],"collection":[{"href":"https:\/\/retrovet.erasmus.site\/es\/wp-json\/wp\/v2\/pages"}],"about":[{"href":"https:\/\/retrovet.erasmus.site\/es\/wp-json\/wp\/v2\/types\/page"}],"author":[{"embeddable":true,"href":"https:\/\/retrovet.erasmus.site\/es\/wp-json\/wp\/v2\/users\/1"}],"replies":[{"embeddable":true,"href":"https:\/\/retrovet.erasmus.site\/es\/wp-json\/wp\/v2\/comments?post=15"}],"version-history":[{"count":156,"href":"https:\/\/retrovet.erasmus.site\/es\/wp-json\/wp\/v2\/pages\/15\/revisions"}],"predecessor-version":[{"id":260,"href":"https:\/\/retrovet.erasmus.site\/es\/wp-json\/wp\/v2\/pages\/15\/revisions\/260"}],"wp:attachment":[{"href":"https:\/\/retrovet.erasmus.site\/es\/wp-json\/wp\/v2\/media?parent=15"}],"curies":[{"name":"wp","href":"https:\/\/api.w.org\/{rel}","templated":true}]}}