{"id":15,"date":"2022-07-11T09:28:23","date_gmt":"2022-07-11T09:28:23","guid":{"rendered":"https:\/\/retrovet.erasmus.site\/?page_id=15"},"modified":"2022-09-26T10:35:51","modified_gmt":"2022-09-26T10:35:51","slug":"home","status":"publish","type":"page","link":"https:\/\/retrovet.erasmus.site\/de\/","title":{"rendered":"Home"},"content":{"rendered":"\t\t<div data-elementor-type=\"wp-page\" data-elementor-id=\"15\" class=\"elementor elementor-15\">\n\t\t\t\t\t\t<section class=\"elementor-section elementor-top-section elementor-element elementor-element-900f811 elementor-section-height-full elementor-section-boxed elementor-section-height-default elementor-section-items-middle\" data-id=\"900f811\" data-element_type=\"section\" data-e-type=\"section\" data-settings=\"{&quot;background_background&quot;:&quot;classic&quot;}\">\n\t\t\t\t\t\t\t<div class=\"elementor-background-overlay\"><\/div>\n\t\t\t\t\t\t\t<div class=\"elementor-container elementor-column-gap-default\">\n\t\t\t\t\t<div class=\"elementor-column elementor-col-100 elementor-top-column elementor-element elementor-element-019ad5a\" data-id=\"019ad5a\" data-element_type=\"column\" data-e-type=\"column\">\n\t\t\t<div class=\"elementor-widget-wrap elementor-element-populated\">\n\t\t\t\t\t\t<div class=\"elementor-element elementor-element-ae5f5b2 elementor-widget elementor-widget-heading\" data-id=\"ae5f5b2\" data-element_type=\"widget\" data-e-type=\"widget\" data-widget_type=\"heading.default\">\n\t\t\t\t<div class=\"elementor-widget-container\">\n\t\t\t\t\t<h2 class=\"elementor-heading-title elementor-size-xxl\">Integration gr\u00fcner Elemente in bereits bestehende Angebote zur beruflichen Aus- und Weiterbildung<\/h2>\t\t\t\t<\/div>\n\t\t\t\t<\/div>\n\t\t\t\t\t<\/div>\n\t\t<\/div>\n\t\t\t\t\t<\/div>\n\t\t<\/section>\n\t\t\t\t<section class=\"elementor-section elementor-top-section elementor-element elementor-element-bb1f02f elementor-section-boxed elementor-section-height-default elementor-section-height-default\" data-id=\"bb1f02f\" data-element_type=\"section\" data-e-type=\"section\" data-settings=\"{&quot;background_background&quot;:&quot;classic&quot;}\">\n\t\t\t\t\t\t\t<div class=\"elementor-background-overlay\"><\/div>\n\t\t\t\t\t\t\t<div class=\"elementor-container elementor-column-gap-default\">\n\t\t\t\t\t<div class=\"elementor-column elementor-col-50 elementor-top-column elementor-element elementor-element-2bb8eb3\" data-id=\"2bb8eb3\" data-element_type=\"column\" data-e-type=\"column\">\n\t\t\t<div class=\"elementor-widget-wrap elementor-element-populated\">\n\t\t\t\t\t\t<div class=\"elementor-element elementor-element-c56cded elementor-widget elementor-widget-spacer\" data-id=\"c56cded\" data-element_type=\"widget\" data-e-type=\"widget\" data-widget_type=\"spacer.default\">\n\t\t\t\t<div class=\"elementor-widget-container\">\n\t\t\t\t\t\t\t<div class=\"elementor-spacer\">\n\t\t\t<div class=\"elementor-spacer-inner\"><\/div>\n\t\t<\/div>\n\t\t\t\t\t\t<\/div>\n\t\t\t\t<\/div>\n\t\t\t\t<div class=\"elementor-element elementor-element-d751478 elementor-widget elementor-widget-menu-anchor\" data-id=\"d751478\" data-element_type=\"widget\" data-e-type=\"widget\" data-widget_type=\"menu-anchor.default\">\n\t\t\t\t<div class=\"elementor-widget-container\">\n\t\t\t\t\t\t\t<div class=\"elementor-menu-anchor\" id=\"about\"><\/div>\n\t\t\t\t\t\t<\/div>\n\t\t\t\t<\/div>\n\t\t\t\t<div class=\"elementor-element elementor-element-13d8b9e elementor-widget elementor-widget-heading\" data-id=\"13d8b9e\" data-element_type=\"widget\" data-e-type=\"widget\" data-widget_type=\"heading.default\">\n\t\t\t\t<div class=\"elementor-widget-container\">\n\t\t\t\t\t<h2 class=\"elementor-heading-title elementor-size-default\">\u00dcBER DAS PROJEKT<\/h2>\t\t\t\t<\/div>\n\t\t\t\t<\/div>\n\t\t\t\t<div class=\"elementor-element elementor-element-7e37975 elementor-widget elementor-widget-text-editor\" data-id=\"7e37975\" data-element_type=\"widget\" data-e-type=\"widget\" data-widget_type=\"text-editor.default\">\n\t\t\t\t<div class=\"elementor-widget-container\">\n\t\t\t\t\t\t\t\t\t<p><\/p><p><\/p><p><\/p><p><\/p><p><\/p><p>Der Green Deal soll Europa zum ersten klimaneutralen Kontinent machen.<\/p><p>Der Green Deal zielt darauf ab, die Herausforderungen des Klimawandels und der Umweltzerst\u00f6rung zu bew\u00e4ltigen, indem die EU in eine moderne, ressourceneffiziente und wettbewerbsf\u00e4hige Wirtschaft umgewandelt wird, die gew\u00e4hrleistet, dass<\/p><ul><li>im Jahr 2050 keine Netto-Treibhausgasemissionen mehr erzeugt werden.<\/li><li>das Wirtschaftswachstum vom Ressourcenverbrauch entkoppelt wird.<\/li><li>keine Menschen und Orte vernachl\u00e4ssigt werden.<\/li><\/ul><p>Im Rahmen des Europ\u00e4ischen Green Deals ist die Bildung ein zentraler Bestandteil zur Erreichung der Klimaziele der EU. Diese \u201e\u00d6kologisierung&#8220; der Wirtschaft ver\u00e4ndert zwangsl\u00e4ufig die in vielen bestehenden Berufen erforderlichen F\u00e4higkeiten (Europ\u00e4ische Kommission, 2020).\u00a0<\/p><p>RetroVET ist ein Projekt, das den Europ\u00e4ischen Green Deal als neue Wachstumsstrategie direkt unterst\u00fctzt und die Schl\u00fcsselrolle der beruflichen Bildung f\u00fcr einen erfolgreichen \u00dcbergang zur Klimaneutralit\u00e4t bis 2050 anerkennt.<\/p><p>RetroVET zielt darauf ab, die Berufsbildung an den k\u00fcnftigen Bedarf des Arbeitsmarktes anzupassen, indem es die Entwicklung innovativer Instrumente unterst\u00fctzt, die die Berufsbildungszentren dazu anregen, eine ausgewogene Mischung beruflicher Qualifikationen in Verbindung mit bestehenden und sich entwickelnden Berufen und Arbeitsmethoden anzubieten.<\/p><p>RetroVET passt das heutige Berufsbildungsangebot und die Arbeitspl\u00e4tze an die Bed\u00fcrfnisse des zuk\u00fcnftigen europ\u00e4ischen Arbeitsmarktes an und erh\u00f6ht die langfristige Besch\u00e4ftigungsf\u00e4higkeit und Nachhaltigkeit.<\/p><p>Der Europ\u00e4ische Green Deal ist au\u00dferdem unser Rettungsanker, um die COVID-19-Pandemie und ihre Effekte hinter uns zu lassen.<\/p><p><\/p><p><\/p><p><\/p>\t\t\t\t\t\t\t\t<\/div>\n\t\t\t\t<\/div>\n\t\t\t\t<div class=\"elementor-element elementor-element-fbfc30c elementor-widget elementor-widget-spacer\" data-id=\"fbfc30c\" data-element_type=\"widget\" data-e-type=\"widget\" data-widget_type=\"spacer.default\">\n\t\t\t\t<div class=\"elementor-widget-container\">\n\t\t\t\t\t\t\t<div class=\"elementor-spacer\">\n\t\t\t<div class=\"elementor-spacer-inner\"><\/div>\n\t\t<\/div>\n\t\t\t\t\t\t<\/div>\n\t\t\t\t<\/div>\n\t\t\t\t\t<\/div>\n\t\t<\/div>\n\t\t\t\t<div class=\"elementor-column elementor-col-50 elementor-top-column elementor-element elementor-element-3fd01cb\" data-id=\"3fd01cb\" data-element_type=\"column\" data-e-type=\"column\">\n\t\t\t<div class=\"elementor-widget-wrap elementor-element-populated\">\n\t\t\t\t\t\t<div class=\"elementor-element elementor-element-ff06a45 elementor-widget elementor-widget-spacer\" data-id=\"ff06a45\" data-element_type=\"widget\" data-e-type=\"widget\" data-widget_type=\"spacer.default\">\n\t\t\t\t<div class=\"elementor-widget-container\">\n\t\t\t\t\t\t\t<div class=\"elementor-spacer\">\n\t\t\t<div class=\"elementor-spacer-inner\"><\/div>\n\t\t<\/div>\n\t\t\t\t\t\t<\/div>\n\t\t\t\t<\/div>\n\t\t\t\t<div class=\"elementor-element elementor-element-2ba9bbf elementor-widget elementor-widget-heading\" data-id=\"2ba9bbf\" data-element_type=\"widget\" data-e-type=\"widget\" data-widget_type=\"heading.default\">\n\t\t\t\t<div class=\"elementor-widget-container\">\n\t\t\t\t\t<h2 class=\"elementor-heading-title elementor-size-default\">ZIELE<\/h2>\t\t\t\t<\/div>\n\t\t\t\t<\/div>\n\t\t\t\t<div class=\"elementor-element elementor-element-b749e6c elementor-widget elementor-widget-text-editor\" data-id=\"b749e6c\" data-element_type=\"widget\" data-e-type=\"widget\" data-widget_type=\"text-editor.default\">\n\t\t\t\t<div class=\"elementor-widget-container\">\n\t\t\t\t\t\t\t\t\t<p><\/p><p><\/p><p><\/p><p><\/p><p><\/p><ul><li>Entwicklung und F\u00f6rderung einer gr\u00fcnen Kultur in Einrichtungen der beruflichen Aus- und Weiterbildung<\/li><li>\u00dcberbr\u00fcckung der Qualifikationsl\u00fccke zwischen Berufsbildungszentren, die erfolgreich Praktiken zur Umsetzung gr\u00fcner Kompetenzen eingef\u00fchrt haben, und Erleichterung der Integration von Berufsbildungszentren, die keine IKT-Praktiken eingef\u00fchrt haben<\/li><li>Entwicklung der Zusammenarbeit durch ein kollaboratives Peer-Mentoring und ein Leistungsverbesserungsinstrument\/einen Rahmen f\u00fcr europ\u00e4ische gr\u00fcne Kompetenzen in der beruflichen Aus- und Weiterbildung<\/li><li>Nutzung der Multiplikatorstrukturen der europ\u00e4ischen Berufsbildungsnetzwerke und der regionalen Knotenpunkte, um den Wandel der IKT-Kompetenzen in den Berufsbildungszentren in ganz Europa zu verankern<\/li><li>F\u00f6rderung und Erleichterung des Erlernens gr\u00fcner Kompetenzen durch interdisziplin\u00e4re Zusammenarbeit und Peer-to-Peer-Lernen zwischen europ\u00e4ischen Berufsbildungszentren, Praktikern und Interessenvertretern<\/li><\/ul><p><\/p><p><\/p><p><\/li><\/ul><p><\/p>\t\t\t\t\t\t\t\t<\/div>\n\t\t\t\t<\/div>\n\t\t\t\t<div class=\"elementor-element elementor-element-fa9c018 elementor-widget elementor-widget-heading\" data-id=\"fa9c018\" data-element_type=\"widget\" data-e-type=\"widget\" data-widget_type=\"heading.default\">\n\t\t\t\t<div class=\"elementor-widget-container\">\n\t\t\t\t\t<h2 class=\"elementor-heading-title elementor-size-default\">ZIELGRUPPEN<\/h2>\t\t\t\t<\/div>\n\t\t\t\t<\/div>\n\t\t\t\t<div class=\"elementor-element elementor-element-87813db elementor-widget elementor-widget-text-editor\" data-id=\"87813db\" data-element_type=\"widget\" data-e-type=\"widget\" data-widget_type=\"text-editor.default\">\n\t\t\t\t<div class=\"elementor-widget-container\">\n\t\t\t\t\t\t\t\t\t<p><\/p><p><\/p><p><\/p><p><\/p><p><\/p><ul><li>Lehrkr\u00e4fte und Trainer:innen in der beruflichen Aus- und Weiterbildung<\/li><li>Zentren und Institute f\u00fcr berufliche Aus- und Weiterbildung<\/li><\/ul><p><\/p><p><\/p><p><\/p><p><\/p>\t\t\t\t\t\t\t\t<\/div>\n\t\t\t\t<\/div>\n\t\t\t\t\t<\/div>\n\t\t<\/div>\n\t\t\t\t\t<\/div>\n\t\t<\/section>\n\t\t\t\t<\/div>\n\t\t","protected":false},"excerpt":{"rendered":"<p>Integration gr\u00fcner Elemente in bereits bestehende Angebote zur beruflichen Aus- und Weiterbildung \u00dcBER DAS PROJEKT Der Green Deal soll Europa zum ersten klimaneutralen Kontinent machen. Der Green Deal zielt darauf ab, die Herausforderungen des Klimawandels und der Umweltzerst\u00f6rung zu bew\u00e4ltigen, indem die EU in eine moderne, ressourceneffiziente und wettbewerbsf\u00e4hige Wirtschaft umgewandelt wird, die gew\u00e4hrleistet, dass&hellip;&nbsp;<\/p>\n","protected":false},"author":1,"featured_media":0,"parent":0,"menu_order":0,"comment_status":"closed","ping_status":"closed","template":"page-templates\/template-pagebuilder-full-width.php","meta":{"neve_meta_sidebar":"","neve_meta_container":"","neve_meta_enable_content_width":"off","neve_meta_content_width":100,"neve_meta_title_alignment":"","neve_meta_author_avatar":"","neve_post_elements_order":"","neve_meta_disable_header":"","neve_meta_disable_footer":"","neve_meta_disable_title":"on","footnotes":""},"class_list":["post-15","page","type-page","status-publish","hentry"],"_links":{"self":[{"href":"https:\/\/retrovet.erasmus.site\/de\/wp-json\/wp\/v2\/pages\/15","targetHints":{"allow":["GET"]}}],"collection":[{"href":"https:\/\/retrovet.erasmus.site\/de\/wp-json\/wp\/v2\/pages"}],"about":[{"href":"https:\/\/retrovet.erasmus.site\/de\/wp-json\/wp\/v2\/types\/page"}],"author":[{"embeddable":true,"href":"https:\/\/retrovet.erasmus.site\/de\/wp-json\/wp\/v2\/users\/1"}],"replies":[{"embeddable":true,"href":"https:\/\/retrovet.erasmus.site\/de\/wp-json\/wp\/v2\/comments?post=15"}],"version-history":[{"count":156,"href":"https:\/\/retrovet.erasmus.site\/de\/wp-json\/wp\/v2\/pages\/15\/revisions"}],"predecessor-version":[{"id":260,"href":"https:\/\/retrovet.erasmus.site\/de\/wp-json\/wp\/v2\/pages\/15\/revisions\/260"}],"wp:attachment":[{"href":"https:\/\/retrovet.erasmus.site\/de\/wp-json\/wp\/v2\/media?parent=15"}],"curies":[{"name":"wp","href":"https:\/\/api.w.org\/{rel}","templated":true}]}}